{"id":944,"date":"2013-04-11T23:43:34","date_gmt":"2013-04-11T21:43:34","guid":{"rendered":"http:\/\/wanderoper.de\/?page_id=944"},"modified":"2015-12-09T16:01:34","modified_gmt":"2015-12-09T15:01:34","slug":"mann-und-frau","status":"publish","type":"page","link":"http:\/\/wanderoper.de\/?page_id=944","title":{"rendered":"Mann &#038; Frau und \u00fcberhaupt."},"content":{"rendered":"<h1>MANN UND FRAU UND \u00dcBERHAUPT&#8230; ( I do! I do! )<\/h1>\n<h3>Ein Musical nach Jande Hartogs Kom\u00f6die \u201eThe Fourposter\u201c<\/h3>\n<p>Libretto und Gesangstexte von <b>Tom Jones<\/b><br \/>\nMusik von <strong>Harvey Schmidt<\/strong><br \/>\nIns Deutsche \u00fcbertragen von <strong>Peter Goldbaum<\/strong><br \/>\nDeutsche Gesangstexte von <strong>Walter Brandin<\/strong><\/p>\n<p>In der \u00dcberzeugung, die Liebe w\u00fcrde nie weniger, gehen Agnes und Michael den Bund f\u00fcrs Leben ein. Das frischgebackene Paar durchlebt alle T\u00f6ne der Liebe in Dur und in Moll: von der jungen Leidenschaft \u00fcber die Auseinandersetzung wegen der Kinder, die gef\u00e4hrlichen \u201ebesten\u201c Jahre \u2013 ein Eheleben zwischen Gl\u00fccksmomenten und seelischen Niederlagen, h\u00e4ufig ungewollt komisch.<br \/>\nAm Ende kommen beide zur Erkenntnis, dass man sich im Alter zwar stiller liebt, aber nicht weniger&#8230;<\/p>\n<p class=\"p1\"><span class=\"s1\">Das Musical MANN UND FRAU UND \u00dcBERHAUPT\u2026 (<span class=\"Apple-converted-space\">\u00a0 <\/span>\u201eI do! I do!\u201c) von Tom Jones und Harvey Schmidt ist ein amerikanisches Musical der sp\u00e4ten 60 er Jahre, in Deutschland hie\u00df es fr\u00fcher \u201eDas musikalische Himmelbett\u201c.<span class=\"Apple-converted-space\">\u00a0 <\/span>Es geht um ein Ehepaar, Agnes und Michael, und ihren Eheweg von der Hochzeit \u00fcber\u00b4s Kinderkriegen, Kinder erziehen, Kinder aus dem Haus lassen und danach einen neuen Weg zu sich selbst und dem Partner finden.<span class=\"Apple-converted-space\">\u00a0 <\/span>Wir begleiten 5 Jahrzehnte ihres Lebens zwischen Lust und Frust, Gl\u00fccksmomenten und seelischen Niederlagen, bis sie erkennen, dass man sich im Alter zwar stiller liebt aber nicht weniger\u2026<\/span><\/p>\n<p class=\"p1\"><span class=\"s1\">Es hat zwei S\u00e4nger und zwei Musiker und dauert ca. 90 Minuten plus Pause. <\/span><\/p>\n<p class=\"p1\"><span class=\"s1\">Es ist ein gutes St\u00fcck, nicht zu kitschig, nicht zu dramatisch, lebensnah, eben bester Broadway.\u00a0<\/span><\/p>\n<p class=\"p1\"><span class=\"s1\">Kein Ehepaar, das nicht Themen und Probleme seines Lebens darin wiederfindet.<\/span><\/p>\n<p class=\"p1\"><span class=\"s1\">Besonders geeignet ist das St\u00fcck f\u00fcr Brautpaare, die sehen k\u00f6nnen was auf sie wartet,<\/span><\/p>\n<p class=\"p1\"><span class=\"s1\">und f\u00fcr Senioren, die eigene Lebenserfahrungen Revue passieren lassen k\u00f6nnen. <\/span><\/p>\n<p class=\"p1\"><span class=\"s1\">Die Auff\u00fchrung ist auch f\u00fcr Bistro- und Dinnervarianten geeignet!<\/span><\/p>\n<div class=\"tiled-gallery type-rectangular tiled-gallery-unresized\" data-original-width=\"1140\" data-carousel-extra='null' itemscope itemtype=\"http:\/\/schema.org\/ImageGallery\" > <div class=\"gallery-row\" style=\"width: 1140px; height: 527px;\" data-original-width=\"1140\" data-original-height=\"527\" > <div class=\"gallery-group images-1\" style=\"width: 747px; height: 527px;\" data-original-width=\"747\" data-original-height=\"527\" > <div class=\"tiled-gallery-item tiled-gallery-item-large\" itemprop=\"associatedMedia\" itemscope itemtype=\"http:\/\/schema.org\/ImageObject\"> <a href=\"https:\/\/i0.wp.com\/wanderoper.de\/wp-content\/uploads\/2013\/04\/a-SG109311.jpg\" border=\"0\" itemprop=\"url\"> <meta itemprop=\"width\" content=\"743\"> <meta itemprop=\"height\" content=\"523\"> <img data-attachment-id=\"1470\" data-orig-file=\"http:\/\/wanderoper.de\/wp-content\/uploads\/2013\/04\/a-SG109311.jpg\" data-orig-size=\"1024,721\" data-comments-opened=\"\" data-image-meta=\"{&quot;aperture&quot;:&quot;2.8&quot;,&quot;credit&quot;:&quot;&quot;,&quot;camera&quot;:&quot;SAMSUNG GX10&quot;,&quot;caption&quot;:&quot;&quot;,&quot;created_timestamp&quot;:&quot;1340120934&quot;,&quot;copyright&quot;:&quot;&quot;,&quot;focal_length&quot;:&quot;115&quot;,&quot;iso&quot;:&quot;400&quot;,&quot;shutter_speed&quot;:&quot;0.0333333333333&quot;,&quot;title&quot;:&quot;&quot;,&quot;orientation&quot;:&quot;1&quot;}\" data-image-title=\"a SG109311\" data-image-description=\"\" data-medium-file=\"http:\/\/wanderoper.de\/wp-content\/uploads\/2013\/04\/a-SG109311-300x211.jpg\" data-large-file=\"http:\/\/wanderoper.de\/wp-content\/uploads\/2013\/04\/a-SG109311-1024x721.jpg\" src=\"https:\/\/i0.wp.com\/wanderoper.de\/wp-content\/uploads\/2013\/04\/a-SG109311.jpg?w=743&#038;h=523\" width=\"743\" height=\"523\" data-original-width=\"743\" data-original-height=\"523\" itemprop=\"http:\/\/schema.org\/image\" title=\"a SG109311\" alt=\"a SG109311\" style=\"width: 743px; height: 523px;\" \/> <\/a> <\/div> <\/div> <!-- close group --> <div class=\"gallery-group images-2\" style=\"width: 393px; height: 527px;\" data-original-width=\"393\" data-original-height=\"527\" > <div class=\"tiled-gallery-item tiled-gallery-item-large\" itemprop=\"associatedMedia\" itemscope itemtype=\"http:\/\/schema.org\/ImageObject\"> <a href=\"https:\/\/i0.wp.com\/wanderoper.de\/wp-content\/uploads\/2013\/04\/a-SG109296.jpg\" border=\"0\" itemprop=\"url\"> <meta itemprop=\"width\" content=\"389\"> <meta itemprop=\"height\" content=\"260\"> <img data-attachment-id=\"1469\" data-orig-file=\"http:\/\/wanderoper.de\/wp-content\/uploads\/2013\/04\/a-SG109296.jpg\" data-orig-size=\"1024,685\" data-comments-opened=\"\" data-image-meta=\"{&quot;aperture&quot;:&quot;2.8&quot;,&quot;credit&quot;:&quot;&quot;,&quot;camera&quot;:&quot;SAMSUNG GX10&quot;,&quot;caption&quot;:&quot;&quot;,&quot;created_timestamp&quot;:&quot;1340119719&quot;,&quot;copyright&quot;:&quot;&quot;,&quot;focal_length&quot;:&quot;135&quot;,&quot;iso&quot;:&quot;400&quot;,&quot;shutter_speed&quot;:&quot;0.05&quot;,&quot;title&quot;:&quot;&quot;,&quot;orientation&quot;:&quot;1&quot;}\" data-image-title=\"a SG109296\" data-image-description=\"\" data-medium-file=\"http:\/\/wanderoper.de\/wp-content\/uploads\/2013\/04\/a-SG109296-300x201.jpg\" data-large-file=\"http:\/\/wanderoper.de\/wp-content\/uploads\/2013\/04\/a-SG109296-1024x685.jpg\" src=\"https:\/\/i0.wp.com\/wanderoper.de\/wp-content\/uploads\/2013\/04\/a-SG109296.jpg?w=389&#038;h=260\" width=\"389\" height=\"260\" data-original-width=\"389\" data-original-height=\"260\" itemprop=\"http:\/\/schema.org\/image\" title=\"a SG109296\" alt=\"a SG109296\" style=\"width: 389px; height: 260px;\" \/> <\/a> <\/div> <div class=\"tiled-gallery-item tiled-gallery-item-large\" itemprop=\"associatedMedia\" itemscope itemtype=\"http:\/\/schema.org\/ImageObject\"> <a href=\"https:\/\/i0.wp.com\/wanderoper.de\/wp-content\/uploads\/2013\/04\/a-SG109283.jpg\" border=\"0\" itemprop=\"url\"> <meta itemprop=\"width\" content=\"389\"> <meta itemprop=\"height\" content=\"259\"> <img data-attachment-id=\"1468\" data-orig-file=\"http:\/\/wanderoper.de\/wp-content\/uploads\/2013\/04\/a-SG109283.jpg\" data-orig-size=\"1024,681\" data-comments-opened=\"\" data-image-meta=\"{&quot;aperture&quot;:&quot;2.8&quot;,&quot;credit&quot;:&quot;&quot;,&quot;camera&quot;:&quot;SAMSUNG GX10&quot;,&quot;caption&quot;:&quot;&quot;,&quot;created_timestamp&quot;:&quot;1340119136&quot;,&quot;copyright&quot;:&quot;&quot;,&quot;focal_length&quot;:&quot;102.5&quot;,&quot;iso&quot;:&quot;400&quot;,&quot;shutter_speed&quot;:&quot;0.0222222222222&quot;,&quot;title&quot;:&quot;&quot;,&quot;orientation&quot;:&quot;1&quot;}\" data-image-title=\"a SG109283\" data-image-description=\"\" data-medium-file=\"http:\/\/wanderoper.de\/wp-content\/uploads\/2013\/04\/a-SG109283-300x200.jpg\" data-large-file=\"http:\/\/wanderoper.de\/wp-content\/uploads\/2013\/04\/a-SG109283-1024x681.jpg\" src=\"https:\/\/i0.wp.com\/wanderoper.de\/wp-content\/uploads\/2013\/04\/a-SG109283.jpg?w=389&#038;h=259\" width=\"389\" height=\"259\" data-original-width=\"389\" data-original-height=\"259\" itemprop=\"http:\/\/schema.org\/image\" title=\"a SG109283\" alt=\"a SG109283\" style=\"width: 389px; height: 259px;\" \/> <\/a> <\/div> <\/div> <!-- close group --> <\/div> <!-- close row --> <div class=\"gallery-row\" style=\"width: 1140px; height: 243px;\" data-original-width=\"1140\" data-original-height=\"243\" > <div class=\"gallery-group images-1\" style=\"width: 364px; height: 243px;\" data-original-width=\"364\" data-original-height=\"243\" > <div class=\"tiled-gallery-item tiled-gallery-item-large\" itemprop=\"associatedMedia\" itemscope itemtype=\"http:\/\/schema.org\/ImageObject\"> <a href=\"https:\/\/i0.wp.com\/wanderoper.de\/wp-content\/uploads\/2013\/04\/a-SG109270.jpg\" border=\"0\" itemprop=\"url\"> <meta itemprop=\"width\" content=\"360\"> <meta itemprop=\"height\" content=\"239\"> <img data-attachment-id=\"1467\" data-orig-file=\"http:\/\/wanderoper.de\/wp-content\/uploads\/2013\/04\/a-SG109270.jpg\" data-orig-size=\"1024,680\" data-comments-opened=\"\" data-image-meta=\"{&quot;aperture&quot;:&quot;2.8&quot;,&quot;credit&quot;:&quot;&quot;,&quot;camera&quot;:&quot;SAMSUNG GX10&quot;,&quot;caption&quot;:&quot;&quot;,&quot;created_timestamp&quot;:&quot;1340116580&quot;,&quot;copyright&quot;:&quot;&quot;,&quot;focal_length&quot;:&quot;115&quot;,&quot;iso&quot;:&quot;400&quot;,&quot;shutter_speed&quot;:&quot;0.05&quot;,&quot;title&quot;:&quot;&quot;,&quot;orientation&quot;:&quot;1&quot;}\" data-image-title=\"a SG109270\" data-image-description=\"\" data-medium-file=\"http:\/\/wanderoper.de\/wp-content\/uploads\/2013\/04\/a-SG109270-300x199.jpg\" data-large-file=\"http:\/\/wanderoper.de\/wp-content\/uploads\/2013\/04\/a-SG109270-1024x680.jpg\" src=\"https:\/\/i0.wp.com\/wanderoper.de\/wp-content\/uploads\/2013\/04\/a-SG109270.jpg?w=360&#038;h=239\" width=\"360\" height=\"239\" data-original-width=\"360\" data-original-height=\"239\" itemprop=\"http:\/\/schema.org\/image\" title=\"a SG109270\" alt=\"a SG109270\" style=\"width: 360px; height: 239px;\" \/> <\/a> <\/div> <\/div> <!-- close group --> <div class=\"gallery-group images-1\" style=\"width: 375px; height: 243px;\" data-original-width=\"375\" data-original-height=\"243\" > <div class=\"tiled-gallery-item tiled-gallery-item-large\" itemprop=\"associatedMedia\" itemscope itemtype=\"http:\/\/schema.org\/ImageObject\"> <a href=\"https:\/\/i0.wp.com\/wanderoper.de\/wp-content\/uploads\/2013\/04\/a-SG109260.jpg\" border=\"0\" itemprop=\"url\"> <meta itemprop=\"width\" content=\"371\"> <meta itemprop=\"height\" content=\"239\"> <img data-attachment-id=\"1466\" data-orig-file=\"http:\/\/wanderoper.de\/wp-content\/uploads\/2013\/04\/a-SG109260.jpg\" data-orig-size=\"1024,659\" data-comments-opened=\"\" data-image-meta=\"{&quot;aperture&quot;:&quot;2.8&quot;,&quot;credit&quot;:&quot;&quot;,&quot;camera&quot;:&quot;SAMSUNG GX10&quot;,&quot;caption&quot;:&quot;&quot;,&quot;created_timestamp&quot;:&quot;1340115636&quot;,&quot;copyright&quot;:&quot;&quot;,&quot;focal_length&quot;:&quot;102.5&quot;,&quot;iso&quot;:&quot;400&quot;,&quot;shutter_speed&quot;:&quot;0.0333333333333&quot;,&quot;title&quot;:&quot;&quot;,&quot;orientation&quot;:&quot;1&quot;}\" data-image-title=\"a SG109260\" data-image-description=\"\" data-medium-file=\"http:\/\/wanderoper.de\/wp-content\/uploads\/2013\/04\/a-SG109260-300x193.jpg\" data-large-file=\"http:\/\/wanderoper.de\/wp-content\/uploads\/2013\/04\/a-SG109260-1024x659.jpg\" src=\"https:\/\/i0.wp.com\/wanderoper.de\/wp-content\/uploads\/2013\/04\/a-SG109260.jpg?w=371&#038;h=239\" width=\"371\" height=\"239\" data-original-width=\"371\" data-original-height=\"239\" itemprop=\"http:\/\/schema.org\/image\" title=\"a SG109260\" alt=\"a SG109260\" style=\"width: 371px; height: 239px;\" \/> <\/a> <\/div> <\/div> <!-- close group --> <div class=\"gallery-group images-1\" style=\"width: 401px; height: 243px;\" data-original-width=\"401\" data-original-height=\"243\" > <div class=\"tiled-gallery-item tiled-gallery-item-large\" itemprop=\"associatedMedia\" itemscope itemtype=\"http:\/\/schema.org\/ImageObject\"> <a href=\"https:\/\/i0.wp.com\/wanderoper.de\/wp-content\/uploads\/2013\/04\/a-SG109243.jpg\" border=\"0\" itemprop=\"url\"> <meta itemprop=\"width\" content=\"397\"> <meta itemprop=\"height\" content=\"239\"> <img data-attachment-id=\"1465\" data-orig-file=\"http:\/\/wanderoper.de\/wp-content\/uploads\/2013\/04\/a-SG109243.jpg\" data-orig-size=\"1024,615\" data-comments-opened=\"\" data-image-meta=\"{&quot;aperture&quot;:&quot;2.8&quot;,&quot;credit&quot;:&quot;&quot;,&quot;camera&quot;:&quot;SAMSUNG GX10&quot;,&quot;caption&quot;:&quot;&quot;,&quot;created_timestamp&quot;:&quot;1340114011&quot;,&quot;copyright&quot;:&quot;&quot;,&quot;focal_length&quot;:&quot;102.5&quot;,&quot;iso&quot;:&quot;400&quot;,&quot;shutter_speed&quot;:&quot;0.0166666666667&quot;,&quot;title&quot;:&quot;&quot;,&quot;orientation&quot;:&quot;1&quot;}\" data-image-title=\"a SG109243\" data-image-description=\"\" data-medium-file=\"http:\/\/wanderoper.de\/wp-content\/uploads\/2013\/04\/a-SG109243-300x180.jpg\" data-large-file=\"http:\/\/wanderoper.de\/wp-content\/uploads\/2013\/04\/a-SG109243-1024x615.jpg\" src=\"https:\/\/i0.wp.com\/wanderoper.de\/wp-content\/uploads\/2013\/04\/a-SG109243.jpg?w=397&#038;h=239\" width=\"397\" height=\"239\" data-original-width=\"397\" data-original-height=\"239\" itemprop=\"http:\/\/schema.org\/image\" title=\"a SG109243\" alt=\"a SG109243\" style=\"width: 397px; height: 239px;\" \/> <\/a> <\/div> <\/div> <!-- close group --> <\/div> <!-- close row --> <div class=\"gallery-row\" style=\"width: 1140px; height: 377px;\" data-original-width=\"1140\" data-original-height=\"377\" > <div class=\"gallery-group images-1\" style=\"width: 568px; height: 377px;\" data-original-width=\"568\" data-original-height=\"377\" > <div class=\"tiled-gallery-item tiled-gallery-item-large\" itemprop=\"associatedMedia\" itemscope itemtype=\"http:\/\/schema.org\/ImageObject\"> <a href=\"https:\/\/i0.wp.com\/wanderoper.de\/wp-content\/uploads\/2013\/04\/a-SG109242.jpg\" border=\"0\" itemprop=\"url\"> <meta itemprop=\"width\" content=\"564\"> <meta itemprop=\"height\" content=\"373\"> <img data-attachment-id=\"1464\" data-orig-file=\"http:\/\/wanderoper.de\/wp-content\/uploads\/2013\/04\/a-SG109242.jpg\" data-orig-size=\"1024,676\" data-comments-opened=\"\" data-image-meta=\"{&quot;aperture&quot;:&quot;2.8&quot;,&quot;credit&quot;:&quot;&quot;,&quot;camera&quot;:&quot;SAMSUNG GX10&quot;,&quot;caption&quot;:&quot;&quot;,&quot;created_timestamp&quot;:&quot;1340113896&quot;,&quot;copyright&quot;:&quot;&quot;,&quot;focal_length&quot;:&quot;135&quot;,&quot;iso&quot;:&quot;400&quot;,&quot;shutter_speed&quot;:&quot;0.0166666666667&quot;,&quot;title&quot;:&quot;&quot;,&quot;orientation&quot;:&quot;1&quot;}\" data-image-title=\"a SG109242\" data-image-description=\"\" data-medium-file=\"http:\/\/wanderoper.de\/wp-content\/uploads\/2013\/04\/a-SG109242-300x198.jpg\" data-large-file=\"http:\/\/wanderoper.de\/wp-content\/uploads\/2013\/04\/a-SG109242-1024x676.jpg\" src=\"https:\/\/i0.wp.com\/wanderoper.de\/wp-content\/uploads\/2013\/04\/a-SG109242.jpg?w=564&#038;h=373\" width=\"564\" height=\"373\" data-original-width=\"564\" data-original-height=\"373\" itemprop=\"http:\/\/schema.org\/image\" title=\"a SG109242\" alt=\"a SG109242\" style=\"width: 564px; height: 373px;\" \/> <\/a> <\/div> <\/div> <!-- close group --> <div class=\"gallery-group images-1\" style=\"width: 572px; height: 377px;\" data-original-width=\"572\" data-original-height=\"377\" > <div class=\"tiled-gallery-item tiled-gallery-item-large\" itemprop=\"associatedMedia\" itemscope itemtype=\"http:\/\/schema.org\/ImageObject\"> <a href=\"https:\/\/i0.wp.com\/wanderoper.de\/wp-content\/uploads\/2013\/04\/a-SG109239.jpg\" border=\"0\" itemprop=\"url\"> <meta itemprop=\"width\" content=\"568\"> <meta itemprop=\"height\" content=\"373\"> <img data-attachment-id=\"1463\" data-orig-file=\"http:\/\/wanderoper.de\/wp-content\/uploads\/2013\/04\/a-SG109239.jpg\" data-orig-size=\"1024,672\" data-comments-opened=\"\" data-image-meta=\"{&quot;aperture&quot;:&quot;2.8&quot;,&quot;credit&quot;:&quot;&quot;,&quot;camera&quot;:&quot;SAMSUNG GX10&quot;,&quot;caption&quot;:&quot;&quot;,&quot;created_timestamp&quot;:&quot;1340113870&quot;,&quot;copyright&quot;:&quot;&quot;,&quot;focal_length&quot;:&quot;135&quot;,&quot;iso&quot;:&quot;400&quot;,&quot;shutter_speed&quot;:&quot;0.0111111111111&quot;,&quot;title&quot;:&quot;&quot;,&quot;orientation&quot;:&quot;1&quot;}\" data-image-title=\"a SG109239\" data-image-description=\"\" data-medium-file=\"http:\/\/wanderoper.de\/wp-content\/uploads\/2013\/04\/a-SG109239-300x197.jpg\" data-large-file=\"http:\/\/wanderoper.de\/wp-content\/uploads\/2013\/04\/a-SG109239-1024x672.jpg\" src=\"https:\/\/i0.wp.com\/wanderoper.de\/wp-content\/uploads\/2013\/04\/a-SG109239.jpg?w=568&#038;h=373\" width=\"568\" height=\"373\" data-original-width=\"568\" data-original-height=\"373\" itemprop=\"http:\/\/schema.org\/image\" title=\"a SG109239\" alt=\"a SG109239\" style=\"width: 568px; height: 373px;\" \/> <\/a> <\/div> <\/div> <!-- close group --> <\/div> <!-- close row --> <\/div>\n","protected":false},"excerpt":{"rendered":"<p>MANN UND FRAU UND \u00dcBERHAUPT&#8230; ( I do! I do! ) Ein Musical nach Jande Hartogs Kom\u00f6die \u201eThe Fourposter\u201c Libretto und Gesangstexte von Tom Jones Musik von Harvey Schmidt Ins Deutsche \u00fcbertragen von Peter Goldbaum Deutsche Gesangstexte von Walter Brandin In der \u00dcberzeugung, die Liebe w\u00fcrde nie weniger, gehen Agnes und Michael den Bund f\u00fcrs [&hellip;]<\/p>\n","protected":false},"author":1,"featured_media":945,"parent":774,"menu_order":0,"comment_status":"closed","ping_status":"open","template":"page-templates\/page-repertoire.php","meta":{"jetpack_post_was_ever_published":false},"jetpack_sharing_enabled":true,"jetpack_shortlink":"https:\/\/wp.me\/P6Vnb4-fe","_links":{"self":[{"href":"http:\/\/wanderoper.de\/index.php?rest_route=\/wp\/v2\/pages\/944"}],"collection":[{"href":"http:\/\/wanderoper.de\/index.php?rest_route=\/wp\/v2\/pages"}],"about":[{"href":"http:\/\/wanderoper.de\/index.php?rest_route=\/wp\/v2\/types\/page"}],"author":[{"embeddable":true,"href":"http:\/\/wanderoper.de\/index.php?rest_route=\/wp\/v2\/users\/1"}],"replies":[{"embeddable":true,"href":"http:\/\/wanderoper.de\/index.php?rest_route=%2Fwp%2Fv2%2Fcomments&post=944"}],"version-history":[{"count":13,"href":"http:\/\/wanderoper.de\/index.php?rest_route=\/wp\/v2\/pages\/944\/revisions"}],"predecessor-version":[{"id":1659,"href":"http:\/\/wanderoper.de\/index.php?rest_route=\/wp\/v2\/pages\/944\/revisions\/1659"}],"up":[{"embeddable":true,"href":"http:\/\/wanderoper.de\/index.php?rest_route=\/wp\/v2\/pages\/774"}],"wp:featuredmedia":[{"embeddable":true,"href":"http:\/\/wanderoper.de\/index.php?rest_route=\/wp\/v2\/media\/945"}],"wp:attachment":[{"href":"http:\/\/wanderoper.de\/index.php?rest_route=%2Fwp%2Fv2%2Fmedia&parent=944"}],"curies":[{"name":"wp","href":"https:\/\/api.w.org\/{rel}","templated":true}]}}