{"id":794,"date":"2013-01-22T13:52:36","date_gmt":"2013-01-22T12:52:36","guid":{"rendered":"http:\/\/wanderoper.de\/?page_id=794"},"modified":"2015-11-13T14:22:53","modified_gmt":"2015-11-13T13:22:53","slug":"feuerwerk","status":"publish","type":"page","link":"http:\/\/wanderoper.de\/?page_id=794","title":{"rendered":"Das Feuerwerk"},"content":{"rendered":"<p>Der Fabrikant Albert Oberholzer feiert seinen 60. Geburtstag. Zu diesem Anlass findet sich die ganze Verwandtschaft ein. Karline, Alberts Frau, und Anna, ihrer beider Tochter, bereiten die Feier vor.<br \/>\nAnna hat sogar ein Geburtstagsst\u00e4ndchen komponiert, welches sie zusammen mit der K\u00f6chin Kathi vortragen m\u00f6chte. Noch einmal wollen sie es proben, da kommt auch schon die Verwandtschaft hereingeschneit: Onkel Fritz und Tante Berta, der ewig h\u00fcstelnde Onkel Gustav und Tante Paula sowie Onkel Heinrich und Tante Lisa. In diese friedlich vor sich hind\u00fcmpelnde Feierlichkeit platzt Alexander Obolski, Zirkusdirektor, mit seiner sch\u00f6nen Frau Iduna. Alexander ist der verlorene Bruder, das schwarze Schaf der Familie, der als Junge von zu Hause weggelaufen war und sich einem Zirkus angeschlossen hatte. Seither galt er f\u00fcr die Familie als \u201egestorben\u201c.<\/p>\n<p>Jetzt tritt er als selbstbewusster Herr der Manege vor seine Angeh\u00f6rigen und erz\u00e4hlt begeistert von der Welt der K\u00fcnstler und Artisten. Anna ist hingerissen von ihrem Onkel und sp\u00fcrt, dass auch sie am Zirkusleben Gefallen finden k\u00f6nnte.<br \/>\nRobert, der G\u00e4rtner, der Anna liebt, sp\u00fcrt voll Eifersucht, wie sie ihm zu entgleiten droht.<br \/>\nAuch die Damen der Gesellschaft werden eifers\u00fcchtig: ihnen ist die rassige, exotische Iduna, die den Herren den Kopf verdreht, ein Dorn im Auge.<\/p>\n<p>In einem gro\u00dfen Gef\u00fchls\u00fcberschwang beschlie\u00dft Anna, Zirkusartistin zu werden und der kleinb\u00fcrgerlichen Enge ihres Lebens zu entfliehen. Robert aber greift Obolski wegen seiner Verf\u00fchrungsk\u00fcnste an, denn Anna will mit ihm gehen, der Zauber der Zirkuswelt hat sie gepackt.<br \/>\nDa erf\u00e4hrt sie von Iduna, wie es um den Alltag des Wanderlebens bestellt ist und dass der sch\u00f6ne Schein auch seine Schattenseiten hat. Da entscheidet sich Anna doch gegen ihre Tr\u00e4ume und f\u00fcr ein Leben an der Seite von Robert, den ihre Eltern nun auch freudigst als Schwiegersohn begr\u00fc\u00dfen.<br \/>\nSo bleibt Anna der Familie erhalten \u2013 doch geschehen ist es um Onkel Gustav: er will sich dem Zirkus anschlie\u00dfen, denn \u201elieber ein Clown im Zirkus als ein Hanswurst zu Hause\u201c<\/p>\n<h1><\/h1>\n<div class=\"tiled-gallery type-rectangular tiled-gallery-unresized\" data-original-width=\"1140\" data-carousel-extra='null' itemscope itemtype=\"http:\/\/schema.org\/ImageGallery\" > <div class=\"gallery-row\" style=\"width: 1140px; height: 522px;\" data-original-width=\"1140\" data-original-height=\"522\" > <div class=\"gallery-group images-1\" style=\"width: 759px; height: 522px;\" data-original-width=\"759\" data-original-height=\"522\" > <div class=\"tiled-gallery-item tiled-gallery-item-large\" itemprop=\"associatedMedia\" itemscope itemtype=\"http:\/\/schema.org\/ImageObject\"> <a href=\"https:\/\/i0.wp.com\/wanderoper.de\/wp-content\/uploads\/2015\/11\/Wanderoper-2013-Das-Feuerwerk-49.jpg\" border=\"0\" itemprop=\"url\"> <meta itemprop=\"width\" content=\"755\"> <meta itemprop=\"height\" content=\"518\"> <img data-attachment-id=\"1490\" data-orig-file=\"http:\/\/wanderoper.de\/wp-content\/uploads\/2015\/11\/Wanderoper-2013-Das-Feuerwerk-49.jpg\" data-orig-size=\"630,432\" data-comments-opened=\"\" data-image-meta=\"{&quot;aperture&quot;:&quot;2.8&quot;,&quot;credit&quot;:&quot;S\\u00f6ren Tetzlaff&quot;,&quot;camera&quot;:&quot;Canon EOS 5D Mark III&quot;,&quot;caption&quot;:&quot;Zu Gast im Bad Freienwalder Kurtheater die Wanderoper mit dem St\\u00fcck Das Feuerwerk&quot;,&quot;created_timestamp&quot;:&quot;1364399763&quot;,&quot;copyright&quot;:&quot;S\\u00f6ren Tetzlaff Freienwalderstrasse 25 16225 Eberswalde Tel: 03334635634 Mobil: 01749470166\\nPostbank Berlin BLZ:10010010 K&quot;,&quot;focal_length&quot;:&quot;153&quot;,&quot;iso&quot;:&quot;800&quot;,&quot;shutter_speed&quot;:&quot;0.004&quot;,&quot;title&quot;:&quot;Wanderoper 2013&quot;,&quot;orientation&quot;:&quot;1&quot;}\" data-image-title=\"Wanderoper 2013\" data-image-description=\"\" data-medium-file=\"http:\/\/wanderoper.de\/wp-content\/uploads\/2015\/11\/Wanderoper-2013-Das-Feuerwerk-49-300x206.jpg\" data-large-file=\"http:\/\/wanderoper.de\/wp-content\/uploads\/2015\/11\/Wanderoper-2013-Das-Feuerwerk-49.jpg\" src=\"https:\/\/i0.wp.com\/wanderoper.de\/wp-content\/uploads\/2015\/11\/Wanderoper-2013-Das-Feuerwerk-49.jpg?w=755&#038;h=518\" width=\"755\" height=\"518\" data-original-width=\"755\" data-original-height=\"518\" itemprop=\"http:\/\/schema.org\/image\" title=\"Wanderoper 2013\" alt=\"Zu Gast im Bad Freienwalder Kurtheater die Wanderoper mit dem St\u00fcck Das Feuerwerk\" style=\"width: 755px; height: 518px;\" \/> <\/a> <div class=\"tiled-gallery-caption\" itemprop=\"caption description\"> Zu Gast im Bad Freienwalder Kurtheater die Wanderoper mit dem St\u00fcck Das Feuerwerk <\/div> <\/div> <\/div> <!-- close group --> <div class=\"gallery-group images-2\" style=\"width: 381px; height: 522px;\" data-original-width=\"381\" data-original-height=\"522\" > <div class=\"tiled-gallery-item tiled-gallery-item-large\" itemprop=\"associatedMedia\" itemscope itemtype=\"http:\/\/schema.org\/ImageObject\"> <a href=\"https:\/\/i0.wp.com\/wanderoper.de\/wp-content\/uploads\/2015\/11\/Wanderoper-2013-Das-Feuerwerk-44.jpg\" border=\"0\" itemprop=\"url\"> <meta itemprop=\"width\" content=\"377\"> <meta itemprop=\"height\" content=\"264\"> <img data-attachment-id=\"1489\" data-orig-file=\"http:\/\/wanderoper.de\/wp-content\/uploads\/2015\/11\/Wanderoper-2013-Das-Feuerwerk-44.jpg\" data-orig-size=\"630,441\" data-comments-opened=\"\" data-image-meta=\"{&quot;aperture&quot;:&quot;2.8&quot;,&quot;credit&quot;:&quot;S\\u00f6ren Tetzlaff&quot;,&quot;camera&quot;:&quot;Canon EOS 5D Mark III&quot;,&quot;caption&quot;:&quot;Zu Gast im Bad Freienwalder Kurtheater die Wanderoper mit dem St\\u00fcck Das Feuerwerk&quot;,&quot;created_timestamp&quot;:&quot;1364399486&quot;,&quot;copyright&quot;:&quot;S\\u00f6ren Tetzlaff Freienwalderstrasse 25 16225 Eberswalde Tel: 03334635634 Mobil: 01749470166\\nPostbank Berlin BLZ:10010010 K&quot;,&quot;focal_length&quot;:&quot;173&quot;,&quot;iso&quot;:&quot;800&quot;,&quot;shutter_speed&quot;:&quot;0.004&quot;,&quot;title&quot;:&quot;Wanderoper 2013&quot;,&quot;orientation&quot;:&quot;1&quot;}\" data-image-title=\"Wanderoper 2013\" data-image-description=\"\" data-medium-file=\"http:\/\/wanderoper.de\/wp-content\/uploads\/2015\/11\/Wanderoper-2013-Das-Feuerwerk-44-300x210.jpg\" data-large-file=\"http:\/\/wanderoper.de\/wp-content\/uploads\/2015\/11\/Wanderoper-2013-Das-Feuerwerk-44.jpg\" src=\"https:\/\/i0.wp.com\/wanderoper.de\/wp-content\/uploads\/2015\/11\/Wanderoper-2013-Das-Feuerwerk-44.jpg?w=377&#038;h=264\" width=\"377\" height=\"264\" data-original-width=\"377\" data-original-height=\"264\" itemprop=\"http:\/\/schema.org\/image\" title=\"Wanderoper 2013\" alt=\"Zu Gast im Bad Freienwalder Kurtheater die Wanderoper mit dem St\u00fcck Das Feuerwerk\" style=\"width: 377px; height: 264px;\" \/> <\/a> <div class=\"tiled-gallery-caption\" itemprop=\"caption description\"> Zu Gast im Bad Freienwalder Kurtheater die Wanderoper mit dem St\u00fcck Das Feuerwerk <\/div> <\/div> <div class=\"tiled-gallery-item tiled-gallery-item-large\" itemprop=\"associatedMedia\" itemscope itemtype=\"http:\/\/schema.org\/ImageObject\"> <a href=\"https:\/\/i0.wp.com\/wanderoper.de\/wp-content\/uploads\/2015\/11\/Wanderoper-2013-Das-Feuerwerk-37.jpg\" border=\"0\" itemprop=\"url\"> <meta itemprop=\"width\" content=\"377\"> <meta itemprop=\"height\" content=\"250\"> <img data-attachment-id=\"1488\" data-orig-file=\"http:\/\/wanderoper.de\/wp-content\/uploads\/2015\/11\/Wanderoper-2013-Das-Feuerwerk-37.jpg\" data-orig-size=\"630,417\" data-comments-opened=\"\" data-image-meta=\"{&quot;aperture&quot;:&quot;4&quot;,&quot;credit&quot;:&quot;S\\u00f6ren Tetzlaff&quot;,&quot;camera&quot;:&quot;Canon EOS 5D Mark III&quot;,&quot;caption&quot;:&quot;Zu Gast im Bad Freienwalder Kurtheater die Wanderoper mit dem St\\u00fcck Das Feuerwerk&quot;,&quot;created_timestamp&quot;:&quot;1364398820&quot;,&quot;copyright&quot;:&quot;S\\u00f6ren Tetzlaff Freienwalderstrasse 25 16225 Eberswalde Tel: 03334635634 Mobil: 01749470166\\nPostbank Berlin BLZ:10010010 K&quot;,&quot;focal_length&quot;:&quot;165&quot;,&quot;iso&quot;:&quot;800&quot;,&quot;shutter_speed&quot;:&quot;0.01&quot;,&quot;title&quot;:&quot;Wanderoper 2013&quot;,&quot;orientation&quot;:&quot;1&quot;}\" data-image-title=\"Wanderoper 2013\" data-image-description=\"\" data-medium-file=\"http:\/\/wanderoper.de\/wp-content\/uploads\/2015\/11\/Wanderoper-2013-Das-Feuerwerk-37-300x199.jpg\" data-large-file=\"http:\/\/wanderoper.de\/wp-content\/uploads\/2015\/11\/Wanderoper-2013-Das-Feuerwerk-37.jpg\" src=\"https:\/\/i0.wp.com\/wanderoper.de\/wp-content\/uploads\/2015\/11\/Wanderoper-2013-Das-Feuerwerk-37.jpg?w=377&#038;h=250\" width=\"377\" height=\"250\" data-original-width=\"377\" data-original-height=\"250\" itemprop=\"http:\/\/schema.org\/image\" title=\"Wanderoper 2013\" alt=\"Zu Gast im Bad Freienwalder Kurtheater die Wanderoper mit dem St\u00fcck Das Feuerwerk\" style=\"width: 377px; height: 250px;\" \/> <\/a> <div class=\"tiled-gallery-caption\" itemprop=\"caption description\"> Zu Gast im Bad Freienwalder Kurtheater die Wanderoper mit dem St\u00fcck Das Feuerwerk <\/div> <\/div> <\/div> <!-- close group --> <\/div> <!-- close row --> <div class=\"gallery-row\" style=\"width: 1140px; height: 287px;\" data-original-width=\"1140\" data-original-height=\"287\" > <div class=\"gallery-group images-1\" style=\"width: 385px; height: 287px;\" data-original-width=\"385\" data-original-height=\"287\" > <div class=\"tiled-gallery-item tiled-gallery-item-large\" itemprop=\"associatedMedia\" itemscope itemtype=\"http:\/\/schema.org\/ImageObject\"> <a href=\"https:\/\/i0.wp.com\/wanderoper.de\/wp-content\/uploads\/2015\/11\/Wanderoper-2013-Das-Feuerwerk-32.jpg\" border=\"0\" itemprop=\"url\"> <meta itemprop=\"width\" content=\"381\"> <meta itemprop=\"height\" content=\"283\"> <img data-attachment-id=\"1487\" data-orig-file=\"http:\/\/wanderoper.de\/wp-content\/uploads\/2015\/11\/Wanderoper-2013-Das-Feuerwerk-32.jpg\" data-orig-size=\"630,468\" data-comments-opened=\"\" data-image-meta=\"{&quot;aperture&quot;:&quot;4&quot;,&quot;credit&quot;:&quot;S\\u00f6ren Tetzlaff&quot;,&quot;camera&quot;:&quot;Canon EOS 5D Mark III&quot;,&quot;caption&quot;:&quot;Zu Gast im Bad Freienwalder Kurtheater die Wanderoper mit dem St\\u00fcck Das Feuerwerk&quot;,&quot;created_timestamp&quot;:&quot;1364398407&quot;,&quot;copyright&quot;:&quot;S\\u00f6ren Tetzlaff Freienwalderstrasse 25 16225 Eberswalde Tel: 03334635634 Mobil: 01749470166\\nPostbank Berlin BLZ:10010010 K&quot;,&quot;focal_length&quot;:&quot;120&quot;,&quot;iso&quot;:&quot;800&quot;,&quot;shutter_speed&quot;:&quot;0.008&quot;,&quot;title&quot;:&quot;Wanderoper 2013&quot;,&quot;orientation&quot;:&quot;1&quot;}\" data-image-title=\"Wanderoper 2013\" data-image-description=\"\" data-medium-file=\"http:\/\/wanderoper.de\/wp-content\/uploads\/2015\/11\/Wanderoper-2013-Das-Feuerwerk-32-300x223.jpg\" data-large-file=\"http:\/\/wanderoper.de\/wp-content\/uploads\/2015\/11\/Wanderoper-2013-Das-Feuerwerk-32.jpg\" src=\"https:\/\/i0.wp.com\/wanderoper.de\/wp-content\/uploads\/2015\/11\/Wanderoper-2013-Das-Feuerwerk-32.jpg?w=381&#038;h=283\" width=\"381\" height=\"283\" data-original-width=\"381\" data-original-height=\"283\" itemprop=\"http:\/\/schema.org\/image\" title=\"Wanderoper 2013\" alt=\"Zu Gast im Bad Freienwalder Kurtheater die Wanderoper mit dem St\u00fcck Das Feuerwerk\" style=\"width: 381px; height: 283px;\" \/> <\/a> <div class=\"tiled-gallery-caption\" itemprop=\"caption description\"> Zu Gast im Bad Freienwalder Kurtheater die Wanderoper mit dem St\u00fcck Das Feuerwerk <\/div> <\/div> <\/div> <!-- close group --> <div class=\"gallery-group images-1\" style=\"width: 360px; height: 287px;\" data-original-width=\"360\" data-original-height=\"287\" > <div class=\"tiled-gallery-item tiled-gallery-item-large\" itemprop=\"associatedMedia\" itemscope itemtype=\"http:\/\/schema.org\/ImageObject\"> <a href=\"https:\/\/i0.wp.com\/wanderoper.de\/wp-content\/uploads\/2015\/11\/Wanderoper-2013-Das-Feuerwerk-27.jpg\" border=\"0\" itemprop=\"url\"> <meta itemprop=\"width\" content=\"356\"> <meta itemprop=\"height\" content=\"283\"> <img data-attachment-id=\"1486\" data-orig-file=\"http:\/\/wanderoper.de\/wp-content\/uploads\/2015\/11\/Wanderoper-2013-Das-Feuerwerk-27.jpg\" data-orig-size=\"630,500\" data-comments-opened=\"\" data-image-meta=\"{&quot;aperture&quot;:&quot;4&quot;,&quot;credit&quot;:&quot;S\\u00f6ren Tetzlaff&quot;,&quot;camera&quot;:&quot;Canon EOS 5D Mark III&quot;,&quot;caption&quot;:&quot;Zu Gast im Bad Freienwalder Kurtheater die Wanderoper mit dem St\\u00fcck Das Feuerwerk&quot;,&quot;created_timestamp&quot;:&quot;1364398314&quot;,&quot;copyright&quot;:&quot;S\\u00f6ren Tetzlaff Freienwalderstrasse 25 16225 Eberswalde Tel: 03334635634 Mobil: 01749470166\\nPostbank Berlin BLZ:10010010 K&quot;,&quot;focal_length&quot;:&quot;200&quot;,&quot;iso&quot;:&quot;800&quot;,&quot;shutter_speed&quot;:&quot;0.005&quot;,&quot;title&quot;:&quot;Wanderoper 2013&quot;,&quot;orientation&quot;:&quot;1&quot;}\" data-image-title=\"Wanderoper 2013\" data-image-description=\"\" data-medium-file=\"http:\/\/wanderoper.de\/wp-content\/uploads\/2015\/11\/Wanderoper-2013-Das-Feuerwerk-27-300x238.jpg\" data-large-file=\"http:\/\/wanderoper.de\/wp-content\/uploads\/2015\/11\/Wanderoper-2013-Das-Feuerwerk-27.jpg\" src=\"https:\/\/i0.wp.com\/wanderoper.de\/wp-content\/uploads\/2015\/11\/Wanderoper-2013-Das-Feuerwerk-27.jpg?w=356&#038;h=283\" width=\"356\" height=\"283\" data-original-width=\"356\" data-original-height=\"283\" itemprop=\"http:\/\/schema.org\/image\" title=\"Wanderoper 2013\" alt=\"Zu Gast im Bad Freienwalder Kurtheater die Wanderoper mit dem St\u00fcck Das Feuerwerk\" style=\"width: 356px; height: 283px;\" \/> <\/a> <div class=\"tiled-gallery-caption\" itemprop=\"caption description\"> Zu Gast im Bad Freienwalder Kurtheater die Wanderoper mit dem St\u00fcck Das Feuerwerk <\/div> <\/div> <\/div> <!-- close group --> <div class=\"gallery-group images-1\" style=\"width: 395px; height: 287px;\" data-original-width=\"395\" data-original-height=\"287\" > <div class=\"tiled-gallery-item tiled-gallery-item-large\" itemprop=\"associatedMedia\" itemscope itemtype=\"http:\/\/schema.org\/ImageObject\"> <a href=\"https:\/\/i0.wp.com\/wanderoper.de\/wp-content\/uploads\/2015\/11\/Wanderoper-2013-Das-Feuerwerk-13.jpg\" border=\"0\" itemprop=\"url\"> <meta itemprop=\"width\" content=\"391\"> <meta itemprop=\"height\" content=\"283\"> <img data-attachment-id=\"1485\" data-orig-file=\"http:\/\/wanderoper.de\/wp-content\/uploads\/2015\/11\/Wanderoper-2013-Das-Feuerwerk-13.jpg\" data-orig-size=\"630,455\" data-comments-opened=\"\" data-image-meta=\"{&quot;aperture&quot;:&quot;4&quot;,&quot;credit&quot;:&quot;S\\u00f6ren Tetzlaff&quot;,&quot;camera&quot;:&quot;Canon EOS 5D Mark III&quot;,&quot;caption&quot;:&quot;Zu Gast im Bad Freienwalder Kurtheater die Wanderoper mit dem St\\u00fcck Das Feuerwerk&quot;,&quot;created_timestamp&quot;:&quot;1364397862&quot;,&quot;copyright&quot;:&quot;S\\u00f6ren Tetzlaff Freienwalderstrasse 25 16225 Eberswalde Tel: 03334635634 Mobil: 01749470166\\nPostbank Berlin BLZ:10010010 K&quot;,&quot;focal_length&quot;:&quot;200&quot;,&quot;iso&quot;:&quot;800&quot;,&quot;shutter_speed&quot;:&quot;0.005&quot;,&quot;title&quot;:&quot;Wanderoper 2013&quot;,&quot;orientation&quot;:&quot;1&quot;}\" data-image-title=\"Wanderoper 2013\" data-image-description=\"\" data-medium-file=\"http:\/\/wanderoper.de\/wp-content\/uploads\/2015\/11\/Wanderoper-2013-Das-Feuerwerk-13-300x217.jpg\" data-large-file=\"http:\/\/wanderoper.de\/wp-content\/uploads\/2015\/11\/Wanderoper-2013-Das-Feuerwerk-13.jpg\" src=\"https:\/\/i0.wp.com\/wanderoper.de\/wp-content\/uploads\/2015\/11\/Wanderoper-2013-Das-Feuerwerk-13.jpg?w=391&#038;h=283\" width=\"391\" height=\"283\" data-original-width=\"391\" data-original-height=\"283\" itemprop=\"http:\/\/schema.org\/image\" title=\"Wanderoper 2013\" alt=\"Zu Gast im Bad Freienwalder Kurtheater die Wanderoper mit dem St\u00fcck Das Feuerwerk\" style=\"width: 391px; height: 283px;\" \/> <\/a> <div class=\"tiled-gallery-caption\" itemprop=\"caption description\"> Zu Gast im Bad Freienwalder Kurtheater die Wanderoper mit dem St\u00fcck Das Feuerwerk <\/div> <\/div> <\/div> <!-- close group --> <\/div> <!-- close row --> <div class=\"gallery-row\" style=\"width: 1140px; height: 413px;\" data-original-width=\"1140\" data-original-height=\"413\" > <div class=\"gallery-group images-1\" style=\"width: 595px; height: 413px;\" data-original-width=\"595\" data-original-height=\"413\" > <div class=\"tiled-gallery-item tiled-gallery-item-large\" itemprop=\"associatedMedia\" itemscope itemtype=\"http:\/\/schema.org\/ImageObject\"> <a href=\"https:\/\/i0.wp.com\/wanderoper.de\/wp-content\/uploads\/2015\/11\/Wanderoper-2.jpg\" border=\"0\" itemprop=\"url\"> <meta itemprop=\"width\" content=\"591\"> <meta itemprop=\"height\" content=\"409\"> <img data-attachment-id=\"1484\" data-orig-file=\"http:\/\/wanderoper.de\/wp-content\/uploads\/2015\/11\/Wanderoper-2.jpg\" data-orig-size=\"630,436\" data-comments-opened=\"\" data-image-meta=\"{&quot;aperture&quot;:&quot;2.8&quot;,&quot;credit&quot;:&quot;S\\u00f6ren Tetzlaff&quot;,&quot;camera&quot;:&quot;Canon EOS 5D Mark III&quot;,&quot;caption&quot;:&quot;Zu Gast im Bad Freienwalder Kurtheater die Wanderoper mit dem St\\u00fcck Das Feuerwerk&quot;,&quot;created_timestamp&quot;:&quot;1364400026&quot;,&quot;copyright&quot;:&quot;S\\u00f6ren Tetzlaff Freienwalderstrasse 25 16225 Eberswalde Tel: 03334635634 Mobil: 01749470166\\nPostbank Berlin BLZ:10010010 K&quot;,&quot;focal_length&quot;:&quot;85&quot;,&quot;iso&quot;:&quot;800&quot;,&quot;shutter_speed&quot;:&quot;0.005&quot;,&quot;title&quot;:&quot;Wanderoper 2013&quot;,&quot;orientation&quot;:&quot;1&quot;}\" data-image-title=\"Wanderoper 2013\" data-image-description=\"\" data-medium-file=\"http:\/\/wanderoper.de\/wp-content\/uploads\/2015\/11\/Wanderoper-2-300x208.jpg\" data-large-file=\"http:\/\/wanderoper.de\/wp-content\/uploads\/2015\/11\/Wanderoper-2.jpg\" src=\"https:\/\/i0.wp.com\/wanderoper.de\/wp-content\/uploads\/2015\/11\/Wanderoper-2.jpg?w=591&#038;h=409\" width=\"591\" height=\"409\" data-original-width=\"591\" data-original-height=\"409\" itemprop=\"http:\/\/schema.org\/image\" title=\"Wanderoper 2013\" alt=\"Zu Gast im Bad Freienwalder Kurtheater die Wanderoper mit dem St\u00fcck Das Feuerwerk\" style=\"width: 591px; height: 409px;\" \/> <\/a> <div class=\"tiled-gallery-caption\" itemprop=\"caption description\"> Zu Gast im Bad Freienwalder Kurtheater die Wanderoper mit dem St\u00fcck Das Feuerwerk <\/div> <\/div> <\/div> <!-- close group --> <div class=\"gallery-group images-1\" style=\"width: 545px; height: 413px;\" data-original-width=\"545\" data-original-height=\"413\" > <div class=\"tiled-gallery-item tiled-gallery-item-large\" itemprop=\"associatedMedia\" itemscope itemtype=\"http:\/\/schema.org\/ImageObject\"> <a href=\"https:\/\/i0.wp.com\/wanderoper.de\/wp-content\/uploads\/2015\/11\/Wanderoper-unten-links.jpg\" border=\"0\" itemprop=\"url\"> <meta itemprop=\"width\" content=\"541\"> <meta itemprop=\"height\" content=\"409\"> <img data-attachment-id=\"1483\" data-orig-file=\"http:\/\/wanderoper.de\/wp-content\/uploads\/2015\/11\/Wanderoper-unten-links.jpg\" data-orig-size=\"630,476\" data-comments-opened=\"\" data-image-meta=\"{&quot;aperture&quot;:&quot;4&quot;,&quot;credit&quot;:&quot;S\\u00f6ren Tetzlaff&quot;,&quot;camera&quot;:&quot;Canon EOS 5D Mark III&quot;,&quot;caption&quot;:&quot;Zu Gast im Bad Freienwalder Kurtheater die Wanderoper mit dem St\\u00fcck Das Feuerwerk&quot;,&quot;created_timestamp&quot;:&quot;1364398345&quot;,&quot;copyright&quot;:&quot;S\\u00f6ren Tetzlaff Freienwalderstrasse 25 16225 Eberswalde Tel: 03334635634 Mobil: 01749470166\\nPostbank Berlin BLZ:10010010 K&quot;,&quot;focal_length&quot;:&quot;64&quot;,&quot;iso&quot;:&quot;800&quot;,&quot;shutter_speed&quot;:&quot;0.004&quot;,&quot;title&quot;:&quot;Wanderoper 2013&quot;,&quot;orientation&quot;:&quot;1&quot;}\" data-image-title=\"Wanderoper 2013\" data-image-description=\"\" data-medium-file=\"http:\/\/wanderoper.de\/wp-content\/uploads\/2015\/11\/Wanderoper-unten-links-300x227.jpg\" data-large-file=\"http:\/\/wanderoper.de\/wp-content\/uploads\/2015\/11\/Wanderoper-unten-links.jpg\" src=\"https:\/\/i0.wp.com\/wanderoper.de\/wp-content\/uploads\/2015\/11\/Wanderoper-unten-links.jpg?w=541&#038;h=409\" width=\"541\" height=\"409\" data-original-width=\"541\" data-original-height=\"409\" itemprop=\"http:\/\/schema.org\/image\" title=\"Wanderoper 2013\" alt=\"Zu Gast im Bad Freienwalder Kurtheater die Wanderoper mit dem St\u00fcck Das Feuerwerk\" style=\"width: 541px; height: 409px;\" \/> <\/a> <div class=\"tiled-gallery-caption\" itemprop=\"caption description\"> Zu Gast im Bad Freienwalder Kurtheater die Wanderoper mit dem St\u00fcck Das Feuerwerk <\/div> <\/div> <\/div> <!-- close group --> <\/div> <!-- close row --> <\/div>\n","protected":false},"excerpt":{"rendered":"<p>Der Fabrikant Albert Oberholzer feiert seinen 60. Geburtstag. Zu diesem Anlass findet sich die ganze Verwandtschaft ein. Karline, Alberts Frau, und Anna, ihrer beider Tochter, bereiten die Feier vor. Anna hat sogar ein Geburtstagsst\u00e4ndchen komponiert, welches sie zusammen mit der K\u00f6chin Kathi vortragen m\u00f6chte. Noch einmal wollen sie es proben, da kommt auch schon die [&hellip;]<\/p>\n","protected":false},"author":1,"featured_media":795,"parent":774,"menu_order":0,"comment_status":"closed","ping_status":"open","template":"page-templates\/page-repertoire.php","meta":{"jetpack_post_was_ever_published":false},"jetpack_sharing_enabled":true,"jetpack_shortlink":"https:\/\/wp.me\/P6Vnb4-cO","_links":{"self":[{"href":"http:\/\/wanderoper.de\/index.php?rest_route=\/wp\/v2\/pages\/794"}],"collection":[{"href":"http:\/\/wanderoper.de\/index.php?rest_route=\/wp\/v2\/pages"}],"about":[{"href":"http:\/\/wanderoper.de\/index.php?rest_route=\/wp\/v2\/types\/page"}],"author":[{"embeddable":true,"href":"http:\/\/wanderoper.de\/index.php?rest_route=\/wp\/v2\/users\/1"}],"replies":[{"embeddable":true,"href":"http:\/\/wanderoper.de\/index.php?rest_route=%2Fwp%2Fv2%2Fcomments&post=794"}],"version-history":[{"count":10,"href":"http:\/\/wanderoper.de\/index.php?rest_route=\/wp\/v2\/pages\/794\/revisions"}],"predecessor-version":[{"id":1491,"href":"http:\/\/wanderoper.de\/index.php?rest_route=\/wp\/v2\/pages\/794\/revisions\/1491"}],"up":[{"embeddable":true,"href":"http:\/\/wanderoper.de\/index.php?rest_route=\/wp\/v2\/pages\/774"}],"wp:featuredmedia":[{"embeddable":true,"href":"http:\/\/wanderoper.de\/index.php?rest_route=\/wp\/v2\/media\/795"}],"wp:attachment":[{"href":"http:\/\/wanderoper.de\/index.php?rest_route=%2Fwp%2Fv2%2Fmedia&parent=794"}],"curies":[{"name":"wp","href":"https:\/\/api.w.org\/{rel}","templated":true}]}}