{"id":1949,"date":"2020-03-30T21:45:14","date_gmt":"2020-03-30T19:45:14","guid":{"rendered":"http:\/\/wanderoper.de\/?page_id=1949"},"modified":"2025-05-02T20:44:14","modified_gmt":"2025-05-02T18:44:14","slug":"spielplan","status":"publish","type":"page","link":"http:\/\/wanderoper.de\/?page_id=1949","title":{"rendered":"Spielplan"},"content":{"rendered":"\n<p>Die meisten Vorstellungen im Laufe des Jahres sind direkt von Schulen bestellt und finden in Schulen statt, sind also nicht \u00f6ffentlich.<\/p>\n\n\n\n<p>Dazu kommen Workshops und Projekte in Schulen oder Kitas.<\/p>\n\n\n\n<p>N\u00e4here Angaben bei Interesse \u00fcber<\/p>\n\n\n\n<p><a href=\"mailto:arnoldschrem@aol.com\">arnoldschrem@aol.com<\/a><\/p>\n\n\n\n<div class=\"wp-block-columns is-not-stacked-on-mobile is-layout-flex wp-container-3\">\n<div class=\"wp-block-column is-layout-flow\">\n<p>Spielplan 2025<\/p>\n\n\n\n<p class=\"has-small-font-size\">(\u00c4nderungen vorbehalten)<\/p>\n<\/div>\n\n\n\n<div class=\"wp-block-column is-layout-flow\">\n<p class=\"has-text-align-right\">Stand: 02.04.2025<\/p>\n<\/div>\n<\/div>\n\n\n\n<div style=\"height:32px\" aria-hidden=\"true\" class=\"wp-block-spacer\"><\/div>\n\n\n\n<div class=\"wp-block-columns is-not-stacked-on-mobile timeline-wrapper is-layout-flex wp-container-6\">\n<div class=\"wp-block-column is-layout-flow\" style=\"flex-basis:25%\">\n<p class=\"has-text-align-right\">Januar bis Februar<br>M\u00e4rz + April<\/p>\n<\/div>\n\n\n\n<div class=\"wp-block-column is-layout-flow\" style=\"flex-basis:75%\">\n<p><strong>Karneval der Tiere<\/strong><\/p>\n\n\n\n<p>Kita-Projekt in Dallgow-D\u00f6beritz<br>2 Premieren Ende April<\/p>\n<\/div>\n<\/div>\n\n\n\n<div class=\"wp-block-columns is-not-stacked-on-mobile timeline-wrapper is-layout-flex wp-container-9\">\n<div class=\"wp-block-column is-layout-flow\" style=\"flex-basis:25%\">\n<p class=\"has-text-align-right\">17.01.2025<\/p>\n<\/div>\n\n\n\n<div class=\"wp-block-column is-layout-flow\" style=\"flex-basis:75%\">\n<p><strong>Hexe Hillary geht in die Oper<\/strong><\/p>\n\n\n\n<p>KinderK\u00fcnsteZentrum Berlin<br>2 Sch\u00fclervorstellungen<\/p>\n<\/div>\n<\/div>\n\n\n\n<div class=\"wp-block-columns is-not-stacked-on-mobile timeline-wrapper is-layout-flex wp-container-12\">\n<div class=\"wp-block-column is-layout-flow\" style=\"flex-basis:25%\">\n<p class=\"has-text-align-right\">08.04.2025<\/p>\n<\/div>\n\n\n\n<div class=\"wp-block-column is-layout-flow\" style=\"flex-basis:75%\">\n<p><strong>H\u00e4nsel und Gretel<\/strong><\/p>\n\n\n\n<p>Finsterwalde, Kulturweberei Sch\u00fclervorstellung<\/p>\n<\/div>\n<\/div>\n\n\n\n<div class=\"wp-block-columns is-not-stacked-on-mobile timeline-wrapper is-layout-flex wp-container-15\">\n<div class=\"wp-block-column is-layout-flow\" style=\"flex-basis:25%\">\n<p class=\"has-text-align-right\">Mai bis Juni<\/p>\n<\/div>\n\n\n\n<div class=\"wp-block-column is-layout-flow\" style=\"flex-basis:75%\">\n<p><strong>Vivaldi-Projekt Vier Jahreszeiten<\/strong><\/p>\n\n\n\n<p>Kita \u201eBummi\u201c, Bad Freienwalde<\/p>\n<\/div>\n<\/div>\n\n\n\n<div class=\"wp-block-columns is-not-stacked-on-mobile timeline-wrapper is-layout-flex wp-container-18\">\n<div class=\"wp-block-column is-layout-flow\" style=\"flex-basis:25%\">\n<p class=\"has-text-align-right\">11.07.2025<\/p>\n<\/div>\n\n\n\n<div class=\"wp-block-column is-layout-flow\" style=\"flex-basis:75%\">\n<p><strong>Pettersson und Findus<\/strong><\/p>\n\n\n\n<p>2 Vorstellungen<br>Sommerfest Karolinenhof<\/p>\n<\/div>\n<\/div>\n\n\n\n<div class=\"wp-block-columns is-not-stacked-on-mobile timeline-wrapper is-layout-flex wp-container-21\">\n<div class=\"wp-block-column is-layout-flow\" style=\"flex-basis:25%\">\n<p class=\"has-text-align-right\">24.09.2025<\/p>\n<\/div>\n\n\n\n<div class=\"wp-block-column is-layout-flow\" style=\"flex-basis:75%\">\n<p><strong>Pettersson und Findus<\/strong><\/p>\n\n\n\n<p>Sch\u00fclervorstellung, Niederg\u00f6rsdorf<\/p>\n<\/div>\n<\/div>\n\n\n\n<div class=\"wp-block-columns is-not-stacked-on-mobile timeline-wrapper is-layout-flex wp-container-24\">\n<div class=\"wp-block-column is-layout-flow\" style=\"flex-basis:25%\">\n<p class=\"has-text-align-right\">08.10.2025<\/p>\n<\/div>\n\n\n\n<div class=\"wp-block-column is-layout-flow\" style=\"flex-basis:75%\">\n<p><strong>Pettersson und Findus<\/strong><\/p>\n\n\n\n<p>2 Sch\u00fclervorstellungen, Finsterwalde, Kulturweberei<\/p>\n<\/div>\n<\/div>\n\n\n\n<div class=\"wp-block-columns is-not-stacked-on-mobile timeline-wrapper is-layout-flex wp-container-27\">\n<div class=\"wp-block-column is-layout-flow\" style=\"flex-basis:25%\">\n<p class=\"has-text-align-right\">01.12.\/02.12.2025<\/p>\n<\/div>\n\n\n\n<div class=\"wp-block-column is-layout-flow\" style=\"flex-basis:75%\">\n<p><strong>Pettersson und Findus<\/strong><\/p>\n\n\n\n<p>F\u00fcrstenwalde, Kulturfabrik<br>2 geschlossene Sch\u00fclerveranstaltungen<\/p>\n<\/div>\n<\/div>\n","protected":false},"excerpt":{"rendered":"<p>Die meisten Vorstellungen im Laufe des Jahres sind direkt von Schulen bestellt und finden in Schulen statt, sind also nicht \u00f6ffentlich. Dazu kommen Workshops und Projekte in Schulen oder Kitas. N\u00e4here Angaben bei Interesse \u00fcber arnoldschrem@aol.com Spielplan 2025 (\u00c4nderungen vorbehalten) Stand: 02.04.2025 Januar bis FebruarM\u00e4rz + April Karneval der Tiere Kita-Projekt in Dallgow-D\u00f6beritz2 Premieren Ende [&hellip;]<\/p>\n","protected":false},"author":1,"featured_media":0,"parent":0,"menu_order":0,"comment_status":"closed","ping_status":"closed","template":"","meta":{"jetpack_post_was_ever_published":false},"jetpack_sharing_enabled":true,"jetpack_shortlink":"https:\/\/wp.me\/P6Vnb4-vr","_links":{"self":[{"href":"http:\/\/wanderoper.de\/index.php?rest_route=\/wp\/v2\/pages\/1949"}],"collection":[{"href":"http:\/\/wanderoper.de\/index.php?rest_route=\/wp\/v2\/pages"}],"about":[{"href":"http:\/\/wanderoper.de\/index.php?rest_route=\/wp\/v2\/types\/page"}],"author":[{"embeddable":true,"href":"http:\/\/wanderoper.de\/index.php?rest_route=\/wp\/v2\/users\/1"}],"replies":[{"embeddable":true,"href":"http:\/\/wanderoper.de\/index.php?rest_route=%2Fwp%2Fv2%2Fcomments&post=1949"}],"version-history":[{"count":53,"href":"http:\/\/wanderoper.de\/index.php?rest_route=\/wp\/v2\/pages\/1949\/revisions"}],"predecessor-version":[{"id":2063,"href":"http:\/\/wanderoper.de\/index.php?rest_route=\/wp\/v2\/pages\/1949\/revisions\/2063"}],"wp:attachment":[{"href":"http:\/\/wanderoper.de\/index.php?rest_route=%2Fwp%2Fv2%2Fmedia&parent=1949"}],"curies":[{"name":"wp","href":"https:\/\/api.w.org\/{rel}","templated":true}]}}