{"id":1804,"date":"2017-10-12T09:56:21","date_gmt":"2017-10-12T07:56:21","guid":{"rendered":"http:\/\/wanderoper.de\/?page_id=1804"},"modified":"2020-06-11T16:40:01","modified_gmt":"2020-06-11T14:40:01","slug":"gold","status":"publish","type":"page","link":"http:\/\/wanderoper.de\/?page_id=1804","title":{"rendered":"GOLD!"},"content":{"rendered":"<p><a href=\"http:\/\/wanderoper.de\/wp-content\/uploads\/2017\/10\/plakatmotive.jpg\"><img decoding=\"async\" loading=\"lazy\" class=\"alignleft wp-image-1858 size-medium\" src=\"http:\/\/wanderoper.de\/wp-content\/uploads\/2017\/10\/plakatmotive-212x300.jpg\" alt=\"\" width=\"212\" height=\"300\" srcset=\"http:\/\/wanderoper.de\/wp-content\/uploads\/2017\/10\/plakatmotive-212x300.jpg 212w, http:\/\/wanderoper.de\/wp-content\/uploads\/2017\/10\/plakatmotive-768x1086.jpg 768w, http:\/\/wanderoper.de\/wp-content\/uploads\/2017\/10\/plakatmotive-724x1024.jpg 724w, http:\/\/wanderoper.de\/wp-content\/uploads\/2017\/10\/plakatmotive.jpg 1414w\" sizes=\"(max-width: 212px) 100vw, 212px\" \/><\/a>Es ist ein ganz besonderes St\u00fcck und auch \u00e4sthetisch au\u00dfergew\u00f6hnlich: eine S\u00e4ngerin und ein Schlagzeuger spielen gemeinsam das bekannte M\u00e4rchen vom Fischer und seiner Frau, also die Geschichte von der Gier und den W\u00fcnschen, die immer neue W\u00fcnsche erzeugen.<br \/>\nNur das Ende ist \u00fcberraschend anders als im M\u00e4rchen\u2026<\/p>\n<blockquote><p>Manntje, Manntje Timpe Te,<br \/>\nButtje, Buttje, inne See,<br \/>\nmyne Fru, de Ilsebill,<br \/>\nwill nich so, as ik wol will.<\/p><\/blockquote>\n<p>Das ist der Ruf des Fischers am Strand, der den Fisch zur\u00fcckruft, um ihm die W\u00fcnsche der Frau zu sagen. Ihr merkt, das ist plattdeutsch, also der Dialekt der Menschen an der deutschen K\u00fcste &#8211; kein Wunder bei einer Geschichte, die am Meer spielt. Aufgezeichnet wurde das M\u00e4rchen, das bis dahin nur m\u00fcndlich weitergegeben wurde, vor gut 200 Jahren und es wurde ber\u00fchmt durch die Br\u00fcder Grimm und ihre M\u00e4rchensammlung.<br \/>\nSeit dieser Zeit ist es die Geschichte von der Frau, die nie genug hat, die immer mehr haben will und ihren Mann zum Strand schickt, damit er den Fisch, der in Wirklichkeit ein verzauberter Prinz ist, darum bittet. Und der Mann tut es immer wieder, obwohl er es eigentlich nicht will und die W\u00fcnsche ma\u00dflos findet. Ein Kind kommt im M\u00e4rchen \u00fcbrigens nicht vor. Diese Geschichte ist seither in ganz verschiedenen Varianten und mit ganz verschiedenen Kunstmitteln erz\u00e4hlt worden. Auch Opern wurden schon dar\u00fcber geschrieben und in diesem Jahr auch ein Musical.<\/p>\n<div class=\"tiled-gallery type-rectangular tiled-gallery-unresized\" data-original-width=\"1140\" data-carousel-extra='null' itemscope itemtype=\"http:\/\/schema.org\/ImageGallery\" > <div class=\"gallery-row\" style=\"width: 1140px; height: 222px;\" data-original-width=\"1140\" data-original-height=\"222\" > <div class=\"gallery-group images-1\" style=\"width: 393px; height: 222px;\" data-original-width=\"393\" data-original-height=\"222\" > <div class=\"tiled-gallery-item tiled-gallery-item-large\" itemprop=\"associatedMedia\" itemscope itemtype=\"http:\/\/schema.org\/ImageObject\"> <a href=\"https:\/\/i0.wp.com\/wanderoper.de\/wp-content\/uploads\/2017\/11\/a-DSC08127.jpg\" border=\"0\" itemprop=\"url\"> <meta itemprop=\"width\" content=\"389\"> <meta itemprop=\"height\" content=\"218\"> <img data-attachment-id=\"1851\" data-orig-file=\"http:\/\/wanderoper.de\/wp-content\/uploads\/2017\/11\/a-DSC08127.jpg\" data-orig-size=\"1024,575\" data-comments-opened=\"\" data-image-meta=\"{&quot;aperture&quot;:&quot;5&quot;,&quot;credit&quot;:&quot;&quot;,&quot;camera&quot;:&quot;NEX-6&quot;,&quot;caption&quot;:&quot;&quot;,&quot;created_timestamp&quot;:&quot;1510741504&quot;,&quot;copyright&quot;:&quot;&quot;,&quot;focal_length&quot;:&quot;30&quot;,&quot;iso&quot;:&quot;6400&quot;,&quot;shutter_speed&quot;:&quot;0.1&quot;,&quot;title&quot;:&quot;&quot;,&quot;orientation&quot;:&quot;1&quot;}\" data-image-title=\"a DSC08127\" data-image-description=\"\" data-medium-file=\"http:\/\/wanderoper.de\/wp-content\/uploads\/2017\/11\/a-DSC08127-300x168.jpg\" data-large-file=\"http:\/\/wanderoper.de\/wp-content\/uploads\/2017\/11\/a-DSC08127-1024x575.jpg\" src=\"https:\/\/i0.wp.com\/wanderoper.de\/wp-content\/uploads\/2017\/11\/a-DSC08127.jpg?w=389&#038;h=218\" width=\"389\" height=\"218\" data-original-width=\"389\" data-original-height=\"218\" itemprop=\"http:\/\/schema.org\/image\" title=\"a DSC08127\" alt=\"Das Premierenpublikum.\" style=\"width: 389px; height: 218px;\" \/> <\/a> <div class=\"tiled-gallery-caption\" itemprop=\"caption description\"> Das Premierenpublikum. <\/div> <\/div> <\/div> <!-- close group --> <div class=\"gallery-group images-1\" style=\"width: 364px; height: 222px;\" data-original-width=\"364\" data-original-height=\"222\" > <div class=\"tiled-gallery-item tiled-gallery-item-large\" itemprop=\"associatedMedia\" itemscope itemtype=\"http:\/\/schema.org\/ImageObject\"> <a href=\"https:\/\/i0.wp.com\/wanderoper.de\/wp-content\/uploads\/2017\/11\/a-DSC08124.jpg\" border=\"0\" itemprop=\"url\"> <meta itemprop=\"width\" content=\"360\"> <meta itemprop=\"height\" content=\"218\"> <img data-attachment-id=\"1850\" data-orig-file=\"http:\/\/wanderoper.de\/wp-content\/uploads\/2017\/11\/a-DSC08124.jpg\" data-orig-size=\"1024,621\" data-comments-opened=\"\" data-image-meta=\"{&quot;aperture&quot;:&quot;5&quot;,&quot;credit&quot;:&quot;&quot;,&quot;camera&quot;:&quot;NEX-6&quot;,&quot;caption&quot;:&quot;&quot;,&quot;created_timestamp&quot;:&quot;1510682163&quot;,&quot;copyright&quot;:&quot;&quot;,&quot;focal_length&quot;:&quot;69&quot;,&quot;iso&quot;:&quot;3200&quot;,&quot;shutter_speed&quot;:&quot;0.01&quot;,&quot;title&quot;:&quot;&quot;,&quot;orientation&quot;:&quot;1&quot;}\" data-image-title=\"a DSC08124\" data-image-description=\"\" data-medium-file=\"http:\/\/wanderoper.de\/wp-content\/uploads\/2017\/11\/a-DSC08124-300x182.jpg\" data-large-file=\"http:\/\/wanderoper.de\/wp-content\/uploads\/2017\/11\/a-DSC08124-1024x621.jpg\" src=\"https:\/\/i0.wp.com\/wanderoper.de\/wp-content\/uploads\/2017\/11\/a-DSC08124.jpg?w=360&#038;h=218\" width=\"360\" height=\"218\" data-original-width=\"360\" data-original-height=\"218\" itemprop=\"http:\/\/schema.org\/image\" title=\"a DSC08124\" alt=\"a DSC08124\" style=\"width: 360px; height: 218px;\" \/> <\/a> <\/div> <\/div> <!-- close group --> <div class=\"gallery-group images-1\" style=\"width: 383px; height: 222px;\" data-original-width=\"383\" data-original-height=\"222\" > <div class=\"tiled-gallery-item tiled-gallery-item-large\" itemprop=\"associatedMedia\" itemscope itemtype=\"http:\/\/schema.org\/ImageObject\"> <a href=\"https:\/\/i0.wp.com\/wanderoper.de\/wp-content\/uploads\/2017\/11\/a-DSC08122.jpg\" border=\"0\" itemprop=\"url\"> <meta itemprop=\"width\" content=\"379\"> <meta itemprop=\"height\" content=\"218\"> <img data-attachment-id=\"1849\" data-orig-file=\"http:\/\/wanderoper.de\/wp-content\/uploads\/2017\/11\/a-DSC08122.jpg\" data-orig-size=\"1024,589\" data-comments-opened=\"\" data-image-meta=\"{&quot;aperture&quot;:&quot;5&quot;,&quot;credit&quot;:&quot;&quot;,&quot;camera&quot;:&quot;NEX-6&quot;,&quot;caption&quot;:&quot;&quot;,&quot;created_timestamp&quot;:&quot;1510682144&quot;,&quot;copyright&quot;:&quot;&quot;,&quot;focal_length&quot;:&quot;69&quot;,&quot;iso&quot;:&quot;3200&quot;,&quot;shutter_speed&quot;:&quot;0.008&quot;,&quot;title&quot;:&quot;&quot;,&quot;orientation&quot;:&quot;1&quot;}\" data-image-title=\"a DSC08122\" data-image-description=\"\" data-medium-file=\"http:\/\/wanderoper.de\/wp-content\/uploads\/2017\/11\/a-DSC08122-300x173.jpg\" data-large-file=\"http:\/\/wanderoper.de\/wp-content\/uploads\/2017\/11\/a-DSC08122-1024x589.jpg\" src=\"https:\/\/i0.wp.com\/wanderoper.de\/wp-content\/uploads\/2017\/11\/a-DSC08122.jpg?w=379&#038;h=218\" width=\"379\" height=\"218\" data-original-width=\"379\" data-original-height=\"218\" itemprop=\"http:\/\/schema.org\/image\" title=\"a DSC08122\" alt=\"a DSC08122\" style=\"width: 379px; height: 218px;\" \/> <\/a> <\/div> <\/div> <!-- close group --> <\/div> <!-- close row --> <div class=\"gallery-row\" style=\"width: 1140px; height: 424px;\" data-original-width=\"1140\" data-original-height=\"424\" > <div class=\"gallery-group images-1\" style=\"width: 776px; height: 424px;\" data-original-width=\"776\" data-original-height=\"424\" > <div class=\"tiled-gallery-item tiled-gallery-item-large\" itemprop=\"associatedMedia\" itemscope itemtype=\"http:\/\/schema.org\/ImageObject\"> <a href=\"https:\/\/i0.wp.com\/wanderoper.de\/wp-content\/uploads\/2017\/11\/a-DSC08094.jpg\" border=\"0\" itemprop=\"url\"> <meta itemprop=\"width\" content=\"772\"> <meta itemprop=\"height\" content=\"420\"> <img data-attachment-id=\"1848\" data-orig-file=\"http:\/\/wanderoper.de\/wp-content\/uploads\/2017\/11\/a-DSC08094.jpg\" data-orig-size=\"1024,557\" data-comments-opened=\"\" data-image-meta=\"{&quot;aperture&quot;:&quot;5&quot;,&quot;credit&quot;:&quot;&quot;,&quot;camera&quot;:&quot;NEX-6&quot;,&quot;caption&quot;:&quot;&quot;,&quot;created_timestamp&quot;:&quot;1510681602&quot;,&quot;copyright&quot;:&quot;&quot;,&quot;focal_length&quot;:&quot;68&quot;,&quot;iso&quot;:&quot;2500&quot;,&quot;shutter_speed&quot;:&quot;0.00625&quot;,&quot;title&quot;:&quot;&quot;,&quot;orientation&quot;:&quot;1&quot;}\" data-image-title=\"a DSC08094\" data-image-description=\"\" data-medium-file=\"http:\/\/wanderoper.de\/wp-content\/uploads\/2017\/11\/a-DSC08094-300x163.jpg\" data-large-file=\"http:\/\/wanderoper.de\/wp-content\/uploads\/2017\/11\/a-DSC08094-1024x557.jpg\" src=\"https:\/\/i0.wp.com\/wanderoper.de\/wp-content\/uploads\/2017\/11\/a-DSC08094.jpg?w=772&#038;h=420\" width=\"772\" height=\"420\" data-original-width=\"772\" data-original-height=\"420\" itemprop=\"http:\/\/schema.org\/image\" title=\"a DSC08094\" alt=\"a DSC08094\" style=\"width: 772px; height: 420px;\" \/> <\/a> <\/div> <\/div> <!-- close group --> <div class=\"gallery-group images-1\" style=\"width: 364px; height: 424px;\" data-original-width=\"364\" data-original-height=\"424\" > <div class=\"tiled-gallery-item tiled-gallery-item-large\" itemprop=\"associatedMedia\" itemscope itemtype=\"http:\/\/schema.org\/ImageObject\"> <a href=\"https:\/\/i0.wp.com\/wanderoper.de\/wp-content\/uploads\/2017\/11\/a-DSC08078.jpg\" border=\"0\" itemprop=\"url\"> <meta itemprop=\"width\" content=\"360\"> <meta itemprop=\"height\" content=\"420\"> <img data-attachment-id=\"1847\" data-orig-file=\"http:\/\/wanderoper.de\/wp-content\/uploads\/2017\/11\/a-DSC08078.jpg\" data-orig-size=\"768,896\" data-comments-opened=\"\" data-image-meta=\"{&quot;aperture&quot;:&quot;5.6&quot;,&quot;credit&quot;:&quot;&quot;,&quot;camera&quot;:&quot;NEX-6&quot;,&quot;caption&quot;:&quot;&quot;,&quot;created_timestamp&quot;:&quot;1510681311&quot;,&quot;copyright&quot;:&quot;&quot;,&quot;focal_length&quot;:&quot;107&quot;,&quot;iso&quot;:&quot;3200&quot;,&quot;shutter_speed&quot;:&quot;0.008&quot;,&quot;title&quot;:&quot;&quot;,&quot;orientation&quot;:&quot;1&quot;}\" data-image-title=\"a DSC08078\" data-image-description=\"\" data-medium-file=\"http:\/\/wanderoper.de\/wp-content\/uploads\/2017\/11\/a-DSC08078-257x300.jpg\" data-large-file=\"http:\/\/wanderoper.de\/wp-content\/uploads\/2017\/11\/a-DSC08078.jpg\" src=\"https:\/\/i0.wp.com\/wanderoper.de\/wp-content\/uploads\/2017\/11\/a-DSC08078.jpg?w=360&#038;h=420\" width=\"360\" height=\"420\" data-original-width=\"360\" data-original-height=\"420\" itemprop=\"http:\/\/schema.org\/image\" title=\"a DSC08078\" alt=\"a DSC08078\" style=\"width: 360px; height: 420px;\" \/> <\/a> <\/div> <\/div> <!-- close group --> <\/div> <!-- close row --> <\/div>\n<figure id=\"attachment_1860\" aria-describedby=\"caption-attachment-1860\" style=\"width: 248px\" class=\"wp-caption alignright\"><a href=\"http:\/\/wanderoper.de\/wp-content\/uploads\/2017\/10\/baum.jpg\"><img decoding=\"async\" loading=\"lazy\" class=\"wp-image-1860 size-medium\" src=\"http:\/\/wanderoper.de\/wp-content\/uploads\/2017\/10\/baum-248x300.jpg\" alt=\"\" width=\"248\" height=\"300\" srcset=\"http:\/\/wanderoper.de\/wp-content\/uploads\/2017\/10\/baum-248x300.jpg 248w, http:\/\/wanderoper.de\/wp-content\/uploads\/2017\/10\/baum-768x930.jpg 768w, http:\/\/wanderoper.de\/wp-content\/uploads\/2017\/10\/baum-845x1024.jpg 845w, http:\/\/wanderoper.de\/wp-content\/uploads\/2017\/10\/baum.jpg 1651w\" sizes=\"(max-width: 248px) 100vw, 248px\" \/><\/a><figcaption id=\"caption-attachment-1860\" class=\"wp-caption-text\">Jakob unter dem Baum. Dort leben er und seine Familie am Anfang.<\/figcaption><\/figure>\n<p>Auch unsere kleine Oper erz\u00e4hlt diese Geschichte, und doch unterscheidet sie sich in drei wesentlichen Punkten von dem urspr\u00fcnglichen M\u00e4rchen der Br\u00fcder Grimm:<br \/>\nBei uns ist die Hauptfigur ein Junge, Jakob, der Sohn des Fischer und seiner Frau.<br \/>\nUnd weil Jakob vielleicht in eurem Alter ist, sind auch seine W\u00fcnsche, bzw. die seiner Mutter, uns viel besser verst\u00e4ndlich als die im M\u00e4rchen. W\u00e4hrend die Mutter dort ein Schlo\u00df haben will und dann K\u00f6nig, Kaiser und Papst werden will, zuletzt Gott selber, sind die W\u00fcnsche, die Jakob vortr\u00e4gt, zuerst leicht zu verstehen, k\u00f6nnten es auch unsere W\u00fcnsche sein.<\/p>\n<p>Die Photos von der Premiere am 15\/11\/2017 stellt uns Rainer Berens zur Verf\u00fcgung.<\/p>\n<p>Das Programmheft k\u00f6nnen Sie hier herunterladen:\u00a0<a href=\"http:\/\/wanderoper.de\/wp-content\/uploads\/2020\/06\/gold-faltblatt-web-v2.pdf\">Programmheft GOLD!<\/a><\/p>\n","protected":false},"excerpt":{"rendered":"<p>Es ist ein ganz besonderes St\u00fcck und auch \u00e4sthetisch au\u00dfergew\u00f6hnlich: eine S\u00e4ngerin und ein Schlagzeuger spielen gemeinsam das bekannte M\u00e4rchen vom Fischer und seiner Frau, also die Geschichte von der Gier und den W\u00fcnschen, die immer neue W\u00fcnsche erzeugen. Nur das Ende ist \u00fcberraschend anders als im M\u00e4rchen\u2026 Manntje, Manntje Timpe Te, Buttje, Buttje, inne [&hellip;]<\/p>\n","protected":false},"author":1,"featured_media":0,"parent":774,"menu_order":0,"comment_status":"closed","ping_status":"closed","template":"page-templates\/page-repertoire.php","meta":{"jetpack_post_was_ever_published":false},"jetpack_sharing_enabled":true,"jetpack_shortlink":"https:\/\/wp.me\/P6Vnb4-t6","_links":{"self":[{"href":"http:\/\/wanderoper.de\/index.php?rest_route=\/wp\/v2\/pages\/1804"}],"collection":[{"href":"http:\/\/wanderoper.de\/index.php?rest_route=\/wp\/v2\/pages"}],"about":[{"href":"http:\/\/wanderoper.de\/index.php?rest_route=\/wp\/v2\/types\/page"}],"author":[{"embeddable":true,"href":"http:\/\/wanderoper.de\/index.php?rest_route=\/wp\/v2\/users\/1"}],"replies":[{"embeddable":true,"href":"http:\/\/wanderoper.de\/index.php?rest_route=%2Fwp%2Fv2%2Fcomments&post=1804"}],"version-history":[{"count":9,"href":"http:\/\/wanderoper.de\/index.php?rest_route=\/wp\/v2\/pages\/1804\/revisions"}],"predecessor-version":[{"id":1967,"href":"http:\/\/wanderoper.de\/index.php?rest_route=\/wp\/v2\/pages\/1804\/revisions\/1967"}],"up":[{"embeddable":true,"href":"http:\/\/wanderoper.de\/index.php?rest_route=\/wp\/v2\/pages\/774"}],"wp:attachment":[{"href":"http:\/\/wanderoper.de\/index.php?rest_route=%2Fwp%2Fv2%2Fmedia&parent=1804"}],"curies":[{"name":"wp","href":"https:\/\/api.w.org\/{rel}","templated":true}]}}