{"id":1438,"date":"2015-11-13T10:46:58","date_gmt":"2015-11-13T09:46:58","guid":{"rendered":"http:\/\/wanderoper.de\/?page_id=1438"},"modified":"2015-11-13T15:43:59","modified_gmt":"2015-11-13T14:43:59","slug":"der-vetter","status":"publish","type":"page","link":"http:\/\/wanderoper.de\/?page_id=1438","title":{"rendered":"Der Vetter aus Dingsda"},"content":{"rendered":"<p><img decoding=\"async\" loading=\"lazy\" class=\"alignleft size-full wp-image-1439\" style=\"margin: -143px -211px -122px -119px;\" src=\"http:\/\/wanderoper.de\/wp-content\/uploads\/2015\/11\/vetter_aus__dingsda_02.jpg\" alt=\"vetter_aus__dingsda_02\" width=\"397\" height=\"430\" srcset=\"http:\/\/wanderoper.de\/wp-content\/uploads\/2015\/11\/vetter_aus__dingsda_02.jpg 397w, http:\/\/wanderoper.de\/wp-content\/uploads\/2015\/11\/vetter_aus__dingsda_02-277x300.jpg 277w, http:\/\/wanderoper.de\/wp-content\/uploads\/2015\/11\/vetter_aus__dingsda_02-250x271.jpg 250w\" sizes=\"(max-width: 397px) 100vw, 397px\" \/><\/p>\n<p class=\"p2\"><span class=\"s1\">In einer gro\u00dfen Villa im Park leben Julia de Weert und ihre Freundin Hannchen. Und weil Julia noch nicht vollj\u00e4hrig ist, haben sich dort auch Onkel und Tante eingenistet, die als Vormund auf Julia acht geben sollen, stattdessen aber m\u00f6glichst viel vom Wohlstand in ihre eigenen Taschen (und M\u00e4gen!) umlenken. <\/span><\/p>\n<p class=\"p2\"><span class=\"s1\">Und damit das so bleiben kann, hat der Onkel einen entfernten Neffen herbestellt, der Julia in sich verliebt machen und heiraten soll. Doch zwei Dinge durchkreuzen seinen Plan: erstens wird Julia endlich vom Vormundschaftsgericht f\u00fcr vollj\u00e4hrig erkl\u00e4rt, vor allem aber h\u00e4ngt sie in vertr\u00e4umter Anh\u00e4nglichkeit an ihrem Vetter Roderich, der vor 7 Jahren in die Ferne zog, eben nach Dingsda. Jeden Abend vertraut Julia dem Mond ihre Liebe und Sehn.sucht nach dem fernen Geliebten an. <\/span><\/p>\n<p class=\"p2\"><span class=\"s1\">Als nun pl\u00f6tzlich ein schicker junger Mann auf.taucht, der sich \u00fcberraschend gut auszukennen scheint und einige Zeit sp\u00e4ter noch ein Zweiter, da beginnt ein wildes Verwirrspiel der Gef\u00fchle, in dem Julia zwar selbst\u00e4ndig geworden ist, aber beinahe wegen eines Kindertraums das wirkliche Leben verpasst\u2026! <\/span><\/p>\n<p class=\"p3\"><span class=\"s1\"><b>Erinnerungen an meinen Vater <\/b><\/span><\/p>\n<p class=\"p2\"><span class=\"s1\">Evelyn K\u00fcnneke<\/span><\/p>\n<p class=\"p2\"><span class=\"s1\">1921 brachte mein Vater zwei Werke zur Welt, die sein Leben nachhaltig beeinflussen sollten. Am 15. April 1921 erlebte seine Operette DER VETTER AUS DINGSDA seine Urauff\u00fchrung \u2013 neun Monate sp\u00e4ter, am 15. Dezember, erblickte ich das Licht der Welt. Seine musikalische Begabung bewies mein Vater bereits als Siebenj\u00e4hriger, als er Sonaten von Mozart, Haydn und Beethoven spielte. Nach seinem Abitur kam er nach Berlin, um Musikwissenschaft und Literaturgeschichte zu studieren. Au\u00dferdem lie\u00df er sich zugleich an der Hochschule f\u00fcr Musik, wo Max Bruch zu seinen Lehrern geh\u00f6rte, in Komposition und Taktstockf\u00fchrung ausbilden. Max Bruch, der in meinem Vater einen Meistersch\u00fcler sah, bat ihn sp\u00e4ter inst\u00e4ndig: \u201eSchreiben Sie nie eine Operette.\u201c Mein Vater spielte fast st\u00e4ndig Klavier \u2013 und das stundenlang. Aber immer die Werke anderer.<span class=\"Apple-converted-space\">\u00a0 <\/span>Wenn ihn jemand bat, mal K\u00fcnneke zu spielen, fand er meist die Noten nicht. Nie spielte er seine eigenen Musiken, nicht einmal, wenn er sie komponierte.<span class=\"Apple-converted-space\">\u00a0 <\/span>Was er \u00fcbrigens sowieso nur tat, wenn er dringend Geld brauchte. Denn ansonsten waren ihm seine anderen Leidenschaften wesentlich wichtiger. Jahrelang hat er mit der Neu\u00fcbersetzung des angels\u00e4chsischen Beowulf-Epos zugebracht. Daf\u00fcr hat ihm die Universit\u00e4t Marburg f\u00fcr seine \u201ewesentlichen neuen Erkenntnisse der Sprachwissenschaften\u201c die Ehrendoktorw\u00fcrde verliehen. Er hatte auch den Titel des Dr. med. und des Dr. phil., aber beide nie getragen. Er verstand ferner etwas von indischer Religionsphilosophie, konnte \u00fcber die Kultur der Sumerer ebenso dozieren wie \u00fcber deutsche Geschichte oder \u00fcber juristische Fragen des Urheberrechts.<\/span><\/p>\n<p class=\"p4\"><span class=\"s1\">Aus: Evelyn K\u00fcnneke: Mit Federboa und Kittelsch\u00fcrze, Ffm., Berlin 1991 <\/span><\/p>\n<p class=\"p1\"><span class=\"s1\"><b>Eduard K\u00fcnneke, dem originellsten Komponisten deutscher Operetten <\/b><\/span><\/p>\n<p class=\"p2\"><span class=\"s1\">von Volker Klotz <\/span><\/p>\n<p class=\"p2\"><span class=\"s1\">Eduard K\u00fcnneke \u2013 geboren am 27. Januar 1885 in Emmerich am Rhein, gestorben am 27. Oktober 1953 in Berlin \u2013 war wie Oskar Straus Meistersch\u00fcler des Sp\u00e4tromantikers Max Bruch; schrieb Oper, Operetten, Or.chester- und Filmmusiken; war ein begabter Dirigent [\u2026] hinterlie\u00df eine schlagersingende Tochter. <\/span><\/p>\n<p class=\"p2\"><span class=\"s1\">Mit den gleichzeitigen Dutzendmusikern der hiesigen Operette und des amerikanischen Musicals hat K\u00fcnneke so gut wie nichts gemein. Er ist geradezu der <\/span><\/p>\n<p class=\"p2\"><span class=\"s1\">Antitypus zu flotten T\u00f6nesetzern wie Stolz und Abraham, Rodgers und Kern, die auch dann, wenn sie f\u00fcr die B\u00fchne arbeiten, nur Schlager- und Tanzkomponisten bleiben. [\u2026] K\u00fcnneke hingegen bleibt auch bei seinen Operetten der weit ausgreifende, szenisch erfinderische Musikdramatiker\u2026 <span class=\"Apple-converted-space\">\u00a0 <\/span>Seine St\u00e4rke liegt einerseits in hintersinniger bis drastischer Situationskomik, andererseits in schl\u00fcssig durchkomponierten Spannungsb\u00f6gen.<\/span><\/p>\n<p class=\"p2\">Aus: Volker Klotz: Operette. Portr\u00e4t und Handbuch einer unerh\u00f6rten Kunst. M\u00fcnchen-Z\u00fcrich 1991<\/p>\n<div class=\"tiled-gallery type-rectangular tiled-gallery-unresized\" data-original-width=\"1140\" data-carousel-extra='null' itemscope itemtype=\"http:\/\/schema.org\/ImageGallery\" > <div class=\"gallery-row\" style=\"width: 1140px; height: 818px;\" data-original-width=\"1140\" data-original-height=\"818\" > <div class=\"gallery-group images-3\" style=\"width: 450px; height: 818px;\" data-original-width=\"450\" data-original-height=\"818\" > <div class=\"tiled-gallery-item tiled-gallery-item-large\" itemprop=\"associatedMedia\" itemscope itemtype=\"http:\/\/schema.org\/ImageObject\"> <a href=\"https:\/\/i0.wp.com\/wanderoper.de\/wp-content\/uploads\/2015\/11\/a-DSC03715.jpg\" border=\"0\" itemprop=\"url\"> <meta itemprop=\"width\" content=\"446\"> <meta itemprop=\"height\" content=\"250\"> <img data-attachment-id=\"1501\" data-orig-file=\"http:\/\/wanderoper.de\/wp-content\/uploads\/2015\/11\/a-DSC03715.jpg\" data-orig-size=\"1024,575\" data-comments-opened=\"\" data-image-meta=\"{&quot;aperture&quot;:&quot;5.6&quot;,&quot;credit&quot;:&quot;&quot;,&quot;camera&quot;:&quot;NEX-6&quot;,&quot;caption&quot;:&quot;&quot;,&quot;created_timestamp&quot;:&quot;1402765751&quot;,&quot;copyright&quot;:&quot;&quot;,&quot;focal_length&quot;:&quot;109&quot;,&quot;iso&quot;:&quot;400&quot;,&quot;shutter_speed&quot;:&quot;0.005&quot;,&quot;title&quot;:&quot;&quot;,&quot;orientation&quot;:&quot;1&quot;}\" data-image-title=\"a DSC03715\" data-image-description=\"\" data-medium-file=\"http:\/\/wanderoper.de\/wp-content\/uploads\/2015\/11\/a-DSC03715-300x168.jpg\" data-large-file=\"http:\/\/wanderoper.de\/wp-content\/uploads\/2015\/11\/a-DSC03715-1024x575.jpg\" src=\"https:\/\/i0.wp.com\/wanderoper.de\/wp-content\/uploads\/2015\/11\/a-DSC03715.jpg?w=446&#038;h=250\" width=\"446\" height=\"250\" data-original-width=\"446\" data-original-height=\"250\" itemprop=\"http:\/\/schema.org\/image\" title=\"a DSC03715\" alt=\"a DSC03715\" style=\"width: 446px; height: 250px;\" \/> <\/a> <\/div> <div class=\"tiled-gallery-item tiled-gallery-item-large\" itemprop=\"associatedMedia\" itemscope itemtype=\"http:\/\/schema.org\/ImageObject\"> <a href=\"https:\/\/i0.wp.com\/wanderoper.de\/wp-content\/uploads\/2015\/11\/a-DSC03741.jpg\" border=\"0\" itemprop=\"url\"> <meta itemprop=\"width\" content=\"446\"> <meta itemprop=\"height\" content=\"305\"> <img data-attachment-id=\"1502\" data-orig-file=\"http:\/\/wanderoper.de\/wp-content\/uploads\/2015\/11\/a-DSC03741.jpg\" data-orig-size=\"1024,700\" data-comments-opened=\"\" data-image-meta=\"{&quot;aperture&quot;:&quot;4.5&quot;,&quot;credit&quot;:&quot;&quot;,&quot;camera&quot;:&quot;NEX-6&quot;,&quot;caption&quot;:&quot;&quot;,&quot;created_timestamp&quot;:&quot;1402766268&quot;,&quot;copyright&quot;:&quot;&quot;,&quot;focal_length&quot;:&quot;55&quot;,&quot;iso&quot;:&quot;800&quot;,&quot;shutter_speed&quot;:&quot;0.00625&quot;,&quot;title&quot;:&quot;&quot;,&quot;orientation&quot;:&quot;1&quot;}\" data-image-title=\"a DSC03741\" data-image-description=\"\" data-medium-file=\"http:\/\/wanderoper.de\/wp-content\/uploads\/2015\/11\/a-DSC03741-300x205.jpg\" data-large-file=\"http:\/\/wanderoper.de\/wp-content\/uploads\/2015\/11\/a-DSC03741-1024x700.jpg\" src=\"https:\/\/i0.wp.com\/wanderoper.de\/wp-content\/uploads\/2015\/11\/a-DSC03741.jpg?w=446&#038;h=305\" width=\"446\" height=\"305\" data-original-width=\"446\" data-original-height=\"305\" itemprop=\"http:\/\/schema.org\/image\" title=\"a DSC03741\" alt=\"a DSC03741\" style=\"width: 446px; height: 305px;\" \/> <\/a> <\/div> <div class=\"tiled-gallery-item tiled-gallery-item-large\" itemprop=\"associatedMedia\" itemscope itemtype=\"http:\/\/schema.org\/ImageObject\"> <a href=\"https:\/\/i0.wp.com\/wanderoper.de\/wp-content\/uploads\/2015\/11\/a-DSC03766.jpg\" border=\"0\" itemprop=\"url\"> <meta itemprop=\"width\" content=\"446\"> <meta itemprop=\"height\" content=\"251\"> <img data-attachment-id=\"1503\" data-orig-file=\"http:\/\/wanderoper.de\/wp-content\/uploads\/2015\/11\/a-DSC03766.jpg\" data-orig-size=\"1024,577\" data-comments-opened=\"\" data-image-meta=\"{&quot;aperture&quot;:&quot;5&quot;,&quot;credit&quot;:&quot;&quot;,&quot;camera&quot;:&quot;NEX-6&quot;,&quot;caption&quot;:&quot;&quot;,&quot;created_timestamp&quot;:&quot;1402766710&quot;,&quot;copyright&quot;:&quot;&quot;,&quot;focal_length&quot;:&quot;78&quot;,&quot;iso&quot;:&quot;640&quot;,&quot;shutter_speed&quot;:&quot;0.00625&quot;,&quot;title&quot;:&quot;&quot;,&quot;orientation&quot;:&quot;1&quot;}\" data-image-title=\"a DSC03766\" data-image-description=\"\" data-medium-file=\"http:\/\/wanderoper.de\/wp-content\/uploads\/2015\/11\/a-DSC03766-300x169.jpg\" data-large-file=\"http:\/\/wanderoper.de\/wp-content\/uploads\/2015\/11\/a-DSC03766-1024x577.jpg\" src=\"https:\/\/i0.wp.com\/wanderoper.de\/wp-content\/uploads\/2015\/11\/a-DSC03766.jpg?w=446&#038;h=251\" width=\"446\" height=\"251\" data-original-width=\"446\" data-original-height=\"251\" itemprop=\"http:\/\/schema.org\/image\" title=\"a DSC03766\" alt=\"a DSC03766\" style=\"width: 446px; height: 251px;\" \/> <\/a> <\/div> <\/div> <!-- close group --> <div class=\"gallery-group images-1\" style=\"width: 690px; height: 818px;\" data-original-width=\"690\" data-original-height=\"818\" > <div class=\"tiled-gallery-item tiled-gallery-item-large\" itemprop=\"associatedMedia\" itemscope itemtype=\"http:\/\/schema.org\/ImageObject\"> <a href=\"https:\/\/i0.wp.com\/wanderoper.de\/wp-content\/uploads\/2015\/11\/a-DSC03807.jpg\" border=\"0\" itemprop=\"url\"> <meta itemprop=\"width\" content=\"686\"> <meta itemprop=\"height\" content=\"814\"> <img data-attachment-id=\"1504\" data-orig-file=\"http:\/\/wanderoper.de\/wp-content\/uploads\/2015\/11\/a-DSC03807.jpg\" data-orig-size=\"455,540\" data-comments-opened=\"\" data-image-meta=\"{&quot;aperture&quot;:&quot;5&quot;,&quot;credit&quot;:&quot;&quot;,&quot;camera&quot;:&quot;NEX-6&quot;,&quot;caption&quot;:&quot;&quot;,&quot;created_timestamp&quot;:&quot;1402767209&quot;,&quot;copyright&quot;:&quot;&quot;,&quot;focal_length&quot;:&quot;79&quot;,&quot;iso&quot;:&quot;500&quot;,&quot;shutter_speed&quot;:&quot;0.00625&quot;,&quot;title&quot;:&quot;&quot;,&quot;orientation&quot;:&quot;1&quot;}\" data-image-title=\"a DSC03807\" data-image-description=\"\" data-medium-file=\"http:\/\/wanderoper.de\/wp-content\/uploads\/2015\/11\/a-DSC03807-253x300.jpg\" data-large-file=\"http:\/\/wanderoper.de\/wp-content\/uploads\/2015\/11\/a-DSC03807.jpg\" src=\"https:\/\/i0.wp.com\/wanderoper.de\/wp-content\/uploads\/2015\/11\/a-DSC03807.jpg?w=686&#038;h=814\" width=\"686\" height=\"814\" data-original-width=\"686\" data-original-height=\"814\" itemprop=\"http:\/\/schema.org\/image\" title=\"a DSC03807\" alt=\"a DSC03807\" style=\"width: 686px; height: 814px;\" \/> <\/a> <\/div> <\/div> <!-- close group --> <\/div> <!-- close row --> <div class=\"gallery-row\" style=\"width: 1140px; height: 469px;\" data-original-width=\"1140\" data-original-height=\"469\" > <div class=\"gallery-group images-1\" style=\"width: 730px; height: 469px;\" data-original-width=\"730\" data-original-height=\"469\" > <div class=\"tiled-gallery-item tiled-gallery-item-large\" itemprop=\"associatedMedia\" itemscope itemtype=\"http:\/\/schema.org\/ImageObject\"> <a href=\"https:\/\/i0.wp.com\/wanderoper.de\/wp-content\/uploads\/2015\/11\/a-DSC03878.jpg\" border=\"0\" itemprop=\"url\"> <meta itemprop=\"width\" content=\"726\"> <meta itemprop=\"height\" content=\"465\"> <img data-attachment-id=\"1505\" data-orig-file=\"http:\/\/wanderoper.de\/wp-content\/uploads\/2015\/11\/a-DSC03878.jpg\" data-orig-size=\"1024,655\" data-comments-opened=\"\" data-image-meta=\"{&quot;aperture&quot;:&quot;5.6&quot;,&quot;credit&quot;:&quot;&quot;,&quot;camera&quot;:&quot;NEX-6&quot;,&quot;caption&quot;:&quot;&quot;,&quot;created_timestamp&quot;:&quot;1402768369&quot;,&quot;copyright&quot;:&quot;&quot;,&quot;focal_length&quot;:&quot;91&quot;,&quot;iso&quot;:&quot;800&quot;,&quot;shutter_speed&quot;:&quot;0.00625&quot;,&quot;title&quot;:&quot;&quot;,&quot;orientation&quot;:&quot;1&quot;}\" data-image-title=\"a DSC03878\" data-image-description=\"\" data-medium-file=\"http:\/\/wanderoper.de\/wp-content\/uploads\/2015\/11\/a-DSC03878-300x192.jpg\" data-large-file=\"http:\/\/wanderoper.de\/wp-content\/uploads\/2015\/11\/a-DSC03878-1024x655.jpg\" src=\"https:\/\/i0.wp.com\/wanderoper.de\/wp-content\/uploads\/2015\/11\/a-DSC03878.jpg?w=726&#038;h=465\" width=\"726\" height=\"465\" data-original-width=\"726\" data-original-height=\"465\" itemprop=\"http:\/\/schema.org\/image\" title=\"a DSC03878\" alt=\"a DSC03878\" style=\"width: 726px; height: 465px;\" \/> <\/a> <\/div> <\/div> <!-- close group --> <div class=\"gallery-group images-2\" style=\"width: 410px; height: 469px;\" data-original-width=\"410\" data-original-height=\"469\" > <div class=\"tiled-gallery-item tiled-gallery-item-large\" itemprop=\"associatedMedia\" itemscope itemtype=\"http:\/\/schema.org\/ImageObject\"> <a href=\"https:\/\/i0.wp.com\/wanderoper.de\/wp-content\/uploads\/2015\/11\/a-DSC03908.jpg\" border=\"0\" itemprop=\"url\"> <meta itemprop=\"width\" content=\"406\"> <meta itemprop=\"height\" content=\"228\"> <img data-attachment-id=\"1506\" data-orig-file=\"http:\/\/wanderoper.de\/wp-content\/uploads\/2015\/11\/a-DSC03908.jpg\" data-orig-size=\"1024,575\" data-comments-opened=\"\" data-image-meta=\"{&quot;aperture&quot;:&quot;4.5&quot;,&quot;credit&quot;:&quot;&quot;,&quot;camera&quot;:&quot;NEX-6&quot;,&quot;caption&quot;:&quot;&quot;,&quot;created_timestamp&quot;:&quot;1402769112&quot;,&quot;copyright&quot;:&quot;&quot;,&quot;focal_length&quot;:&quot;55&quot;,&quot;iso&quot;:&quot;1000&quot;,&quot;shutter_speed&quot;:&quot;0.00625&quot;,&quot;title&quot;:&quot;&quot;,&quot;orientation&quot;:&quot;1&quot;}\" data-image-title=\"a DSC03908\" data-image-description=\"\" data-medium-file=\"http:\/\/wanderoper.de\/wp-content\/uploads\/2015\/11\/a-DSC03908-300x168.jpg\" data-large-file=\"http:\/\/wanderoper.de\/wp-content\/uploads\/2015\/11\/a-DSC03908-1024x575.jpg\" src=\"https:\/\/i0.wp.com\/wanderoper.de\/wp-content\/uploads\/2015\/11\/a-DSC03908.jpg?w=406&#038;h=228\" width=\"406\" height=\"228\" data-original-width=\"406\" data-original-height=\"228\" itemprop=\"http:\/\/schema.org\/image\" title=\"a DSC03908\" alt=\"a DSC03908\" style=\"width: 406px; height: 228px;\" \/> <\/a> <\/div> <div class=\"tiled-gallery-item tiled-gallery-item-large\" itemprop=\"associatedMedia\" itemscope itemtype=\"http:\/\/schema.org\/ImageObject\"> <a href=\"https:\/\/i0.wp.com\/wanderoper.de\/wp-content\/uploads\/2015\/11\/a-DSC04034.jpg\" border=\"0\" itemprop=\"url\"> <meta itemprop=\"width\" content=\"406\"> <meta itemprop=\"height\" content=\"233\"> <img data-attachment-id=\"1507\" data-orig-file=\"http:\/\/wanderoper.de\/wp-content\/uploads\/2015\/11\/a-DSC04034.jpg\" data-orig-size=\"1024,587\" data-comments-opened=\"\" data-image-meta=\"{&quot;aperture&quot;:&quot;5&quot;,&quot;credit&quot;:&quot;&quot;,&quot;camera&quot;:&quot;NEX-6&quot;,&quot;caption&quot;:&quot;&quot;,&quot;created_timestamp&quot;:&quot;1402773166&quot;,&quot;copyright&quot;:&quot;&quot;,&quot;focal_length&quot;:&quot;73&quot;,&quot;iso&quot;:&quot;3200&quot;,&quot;shutter_speed&quot;:&quot;0.00625&quot;,&quot;title&quot;:&quot;&quot;,&quot;orientation&quot;:&quot;1&quot;}\" data-image-title=\"a DSC04034\" data-image-description=\"\" data-medium-file=\"http:\/\/wanderoper.de\/wp-content\/uploads\/2015\/11\/a-DSC04034-300x172.jpg\" data-large-file=\"http:\/\/wanderoper.de\/wp-content\/uploads\/2015\/11\/a-DSC04034-1024x587.jpg\" src=\"https:\/\/i0.wp.com\/wanderoper.de\/wp-content\/uploads\/2015\/11\/a-DSC04034.jpg?w=406&#038;h=233\" width=\"406\" height=\"233\" data-original-width=\"406\" data-original-height=\"233\" itemprop=\"http:\/\/schema.org\/image\" title=\"a DSC04034\" alt=\"a DSC04034\" style=\"width: 406px; height: 233px;\" \/> <\/a> <\/div> <\/div> <!-- close group --> <\/div> <!-- close row --> <div class=\"gallery-row\" style=\"width: 1140px; height: 642px;\" data-original-width=\"1140\" data-original-height=\"642\" > <div class=\"gallery-group images-1\" style=\"width: 1140px; height: 642px;\" data-original-width=\"1140\" data-original-height=\"642\" > <div class=\"tiled-gallery-item tiled-gallery-item-large\" itemprop=\"associatedMedia\" itemscope itemtype=\"http:\/\/schema.org\/ImageObject\"> <a href=\"https:\/\/i0.wp.com\/wanderoper.de\/wp-content\/uploads\/2015\/11\/a-DSC04058.jpg\" border=\"0\" itemprop=\"url\"> <meta itemprop=\"width\" content=\"1136\"> <meta itemprop=\"height\" content=\"638\"> <img data-attachment-id=\"1508\" data-orig-file=\"http:\/\/wanderoper.de\/wp-content\/uploads\/2015\/11\/a-DSC04058.jpg\" data-orig-size=\"1024,575\" data-comments-opened=\"\" data-image-meta=\"{&quot;aperture&quot;:&quot;4.5&quot;,&quot;credit&quot;:&quot;&quot;,&quot;camera&quot;:&quot;NEX-6&quot;,&quot;caption&quot;:&quot;&quot;,&quot;created_timestamp&quot;:&quot;1402773730&quot;,&quot;copyright&quot;:&quot;&quot;,&quot;focal_length&quot;:&quot;55&quot;,&quot;iso&quot;:&quot;2500&quot;,&quot;shutter_speed&quot;:&quot;0.00625&quot;,&quot;title&quot;:&quot;&quot;,&quot;orientation&quot;:&quot;1&quot;}\" data-image-title=\"a DSC04058\" data-image-description=\"\" data-medium-file=\"http:\/\/wanderoper.de\/wp-content\/uploads\/2015\/11\/a-DSC04058-300x168.jpg\" data-large-file=\"http:\/\/wanderoper.de\/wp-content\/uploads\/2015\/11\/a-DSC04058-1024x575.jpg\" src=\"https:\/\/i0.wp.com\/wanderoper.de\/wp-content\/uploads\/2015\/11\/a-DSC04058.jpg?w=1136&#038;h=638\" width=\"1136\" height=\"638\" data-original-width=\"1136\" data-original-height=\"638\" itemprop=\"http:\/\/schema.org\/image\" title=\"a DSC04058\" alt=\"a DSC04058\" style=\"width: 1136px; height: 638px;\" \/> <\/a> <\/div> <\/div> <!-- close group --> <\/div> <!-- close row --> <\/div>\n<p class=\"p4\"><span class=\"s1\"><img decoding=\"async\" loading=\"lazy\" class=\"size-full wp-image-1448 alignnone\" style=\"float: left; margin: -74px -119px -119px;\" src=\"http:\/\/wanderoper.de\/wp-content\/uploads\/2015\/11\/vetter_aus__dingsda_01.jpg\" alt=\"vetter_aus__dingsda_01\" width=\"459\" height=\"276\" srcset=\"http:\/\/wanderoper.de\/wp-content\/uploads\/2015\/11\/vetter_aus__dingsda_01.jpg 459w, http:\/\/wanderoper.de\/wp-content\/uploads\/2015\/11\/vetter_aus__dingsda_01-300x180.jpg 300w\" sizes=\"(max-width: 459px) 100vw, 459px\" \/><\/span><\/p>\n<p class=\"p4\"><img decoding=\"async\" loading=\"lazy\" class=\"size-full wp-image-1447 alignright\" style=\"float: right; margin: -96px -119px;\" src=\"http:\/\/wanderoper.de\/wp-content\/uploads\/2015\/11\/vetter_aus__dingsda_04.jpg\" alt=\"vetter_aus__dingsda_04\" width=\"500\" height=\"298\" srcset=\"http:\/\/wanderoper.de\/wp-content\/uploads\/2015\/11\/vetter_aus__dingsda_04.jpg 500w, http:\/\/wanderoper.de\/wp-content\/uploads\/2015\/11\/vetter_aus__dingsda_04-300x179.jpg 300w\" sizes=\"(max-width: 500px) 100vw, 500px\" \/><\/p>\n","protected":false},"excerpt":{"rendered":"<p>In einer gro\u00dfen Villa im Park leben Julia de Weert und ihre Freundin Hannchen. Und weil Julia noch nicht vollj\u00e4hrig ist, haben sich dort auch Onkel und Tante eingenistet, die als Vormund auf Julia acht geben sollen, stattdessen aber m\u00f6glichst viel vom Wohlstand in ihre eigenen Taschen (und M\u00e4gen!) umlenken. Und damit das so bleiben [&hellip;]<\/p>\n","protected":false},"author":1,"featured_media":0,"parent":774,"menu_order":0,"comment_status":"closed","ping_status":"closed","template":"page-templates\/page-repertoire.php","meta":{"jetpack_post_was_ever_published":false},"jetpack_sharing_enabled":true,"jetpack_shortlink":"https:\/\/wp.me\/P6Vnb4-nc","_links":{"self":[{"href":"http:\/\/wanderoper.de\/index.php?rest_route=\/wp\/v2\/pages\/1438"}],"collection":[{"href":"http:\/\/wanderoper.de\/index.php?rest_route=\/wp\/v2\/pages"}],"about":[{"href":"http:\/\/wanderoper.de\/index.php?rest_route=\/wp\/v2\/types\/page"}],"author":[{"embeddable":true,"href":"http:\/\/wanderoper.de\/index.php?rest_route=\/wp\/v2\/users\/1"}],"replies":[{"embeddable":true,"href":"http:\/\/wanderoper.de\/index.php?rest_route=%2Fwp%2Fv2%2Fcomments&post=1438"}],"version-history":[{"count":12,"href":"http:\/\/wanderoper.de\/index.php?rest_route=\/wp\/v2\/pages\/1438\/revisions"}],"predecessor-version":[{"id":1509,"href":"http:\/\/wanderoper.de\/index.php?rest_route=\/wp\/v2\/pages\/1438\/revisions\/1509"}],"up":[{"embeddable":true,"href":"http:\/\/wanderoper.de\/index.php?rest_route=\/wp\/v2\/pages\/774"}],"wp:attachment":[{"href":"http:\/\/wanderoper.de\/index.php?rest_route=%2Fwp%2Fv2%2Fmedia&parent=1438"}],"curies":[{"name":"wp","href":"https:\/\/api.w.org\/{rel}","templated":true}]}}