{"id":1086,"date":"2014-03-31T18:45:51","date_gmt":"2014-03-31T16:45:51","guid":{"rendered":"http:\/\/wanderoper.de\/?page_id=1086"},"modified":"2015-11-13T13:38:27","modified_gmt":"2015-11-13T12:38:27","slug":"pettersson","status":"publish","type":"page","link":"http:\/\/wanderoper.de\/?page_id=1086","title":{"rendered":"Pettersson &#038; Findus"},"content":{"rendered":"<div style=\"background: url(&quot;http:\/\/wanderoper.de\/wp-content\/uploads\/2014\/03\/findus_02.jpg&quot;) no-repeat scroll 300px -23px transparent;\">\n<h3 style=\"line-height: 29px; font-weight: bold;\">Pettersson &amp; Findus<br \/>\nund der Hahn im Korb<\/h3>\n<p style=\"width: 400px; margin-top: 27px;\">\n<strong>Sven Nordqvist<\/strong> der Vater von \u00abPettersson und Findus\u00bb ist in der schwedischen Stadt Helsingborg geboren.  Bereits als Jugendlicher wollte er Zeichner werden, wurde aber an mehreren Kunsthochschulen abgelehnt. So wurde er zun\u00e4chst Architekt, ist aber nebenberuflich seiner Liebe zur Illustration treu geblieben.1983 gewann er einen Kinderbuch- Wettbewerb und 1984 begann er die Reihe der \u00abPettersson und Findus\u00bb \u2013 Geschichten. Seither ist Nordqvist einer der beliebtesten Kinderbuchautoren und \u2013zeichner in Schweden, Deutschland und Europa.<\/p>\n<p>Seine 10 Geschichten von Pettersson und Findus \u2013 zwischen 1984 und 2013 geschrieben &#8211; wurden inzwischen in vielfacher Form \u00fcbernommen: als Trickfilme, als Liederb\u00fccher, als ein Kindermusical, als Schauspiele, als Computerspiele, als CD.ROMs, als Kinofilme.<br \/>\n2009 haben Niclas Ramdohr (Musik) und Holger Pototzki (Text) eine Oper f\u00fcr Kinder daraus geformt und sie im Theater Magdeburg uraufgef\u00fchrt.  Seitdem ist sie nicht nur dort, sondern auch z.B. in Weimar und Dresden erfolgreich gespielt worden.  Nun wollen wir sie auch den Brandenburger Kindern zeigen.<\/p>\n<h3 style=\"line-height: 29px; font-weight: bold;\">Backh\u00e4hnchen<\/h3>\n<p>1 H\u00e4hnchen, Salz, Mehl, 1 Ei, Semmelbr\u00f6sel, Ausbackfett<\/p>\n<p>Den bratfertigen Hahn l\u00e4ngs halbieren, waschen, abtrocknen, mit Salz einreiben, mit Mehl best\u00e4uben, in geschlagenes Ei tauchen, in Semmelbr\u00f6sel wenden und in siedendem Fett, m\u00f6glichst schwimmend, goldbraun backen.  Kater essen ihn gern ohne Salz, jedenfalls solange sie nicht \u00abPettersson und Findus\u00bb gesehen haben\u2026<\/p>\n<div style=\"overflow: visible; background: url(&quot;http:\/\/wanderoper.de\/wp-content\/uploads\/2014\/03\/huhn.jpg&quot;) no-repeat scroll 394px 20px transparent;\">\n<h3 style=\"line-height: 29px; font-weight: bold; margin-bottom: 15px;\">Das Haushuhn<\/p>\n<p>(Gallus domesticus)<\/h3>\n<p style=\"width: 395px;\">\nIst die Zuchtform des Bankivahuhns, eines Wildhuhns aus S\u00fcdostasien. Das m\u00e4nnliche Haushuhn nennt man Hahn oder Gockel, den kastrierten Hahn Kapaun.  Das Weibchen hei\u00dft Henne, Jungtiere f\u00fchrende Hennen Glucke.  Die Jungtiere hei\u00dfen K\u00fcken.  Der Hahn ist bis zu 1 kg schwerer als die Henne.  Als besonderes Merkmal ist der rote Kamm zu sehen.  Beim Hahn ist der Kamm gr\u00f6\u00dfer als bei der Henne.<\/p>\n<p>Der Hahn ist durch seinen sichelf\u00f6rmigen Schwanz gekennzeichnet. H\u00e4hne haben \u00fcber der Hinterzehe einen Sporn, der als Hilfe bei Angriffen dient.Der Hahn hat ein farbenpr\u00e4chtigeres Federkleid als die Henne.  Hennen in Herden, die von vitalen H\u00e4hnen gef\u00fchrt werden, sind im Sommer oft fast nackt auf dem R\u00fccken. Der laute Kikeriki- Schrei des Hahnes dient zur akustischen Markierung des Reviers.  Meist kr\u00e4ht der Hahn morgens bei beginnendem Sonnenaufgang, gegen Mittag und gegen Abend.  Aber auch zu jeder anderen Tageszeit. Es gibt auch Hahnenschrei- Wettk\u00e4mpfe.<\/p>\n<h3 style=\"line-height: 29px; font-weight: bold; margin-bottom: 15px;\">Die Hauskatze (Felis silvestris catus)<\/h3>\n<p>Ist ein fleischfressendes S\u00e4ugetier.  Sie wird seit mindestens 9500 Jahren vom Menschen als Haustier gehalten.<\/p>\n<p>Als Heim- oder Haustier kommt die Hauskatze weltweit in nahezu allen von Menschen besiedelten Gebieten vor. Sie gilt als Kulturfolger.<\/p>\n<p>Die weit verbreitete Abneigung der Katzen gegen Hunde und umgekehrt beruht auf  falsch verstandener K\u00f6rpersprache, also einem Irrtum: alles, was beim Hund spielerische Absicht und freundlich neugierigen Kontakt meint, versteht die Katze als Aggression und Bedrohung. Umgekehrt ist es genauso.<\/p>\n<p>Eine Sage erz\u00e4hlt von einer M\u00e4use- und Rattenplage w\u00e4hrend der gro\u00dfen Sintflut. Es droht eine Hungersnot, da die Vorr\u00e4te schon arg angenagt waren. Aus Verzweiflung suchte Noah Rat beim L\u00f6wen. Die L\u00f6win nieste einmal kr\u00e4ftig und aus ihrer Nase entsprangen zwei m\u00e4hnenlose Minil\u00f6wen \u2013 das erste Katzenpaar. Rasch hatten die Minil\u00f6wen die Plage im Griff. Mensch und Tier waren begeistert \u2013 mit Ausnahme der M\u00e4use und Ratten.<\/p>\n<\/div>\n<\/div>\n","protected":false},"excerpt":{"rendered":"<p>Pettersson &amp; Findus und der Hahn im Korb Sven Nordqvist der Vater von \u00abPettersson und Findus\u00bb ist in der schwedischen Stadt Helsingborg geboren. Bereits als Jugendlicher wollte er Zeichner werden, wurde aber an mehreren Kunsthochschulen abgelehnt. So wurde er zun\u00e4chst Architekt, ist aber nebenberuflich seiner Liebe zur Illustration treu geblieben.1983 gewann er einen Kinderbuch- Wettbewerb [&hellip;]<\/p>\n","protected":false},"author":1,"featured_media":1096,"parent":774,"menu_order":0,"comment_status":"closed","ping_status":"closed","template":"page-templates\/page-repertoire.php","meta":{"jetpack_post_was_ever_published":false},"jetpack_sharing_enabled":true,"jetpack_shortlink":"https:\/\/wp.me\/P6Vnb4-hw","_links":{"self":[{"href":"http:\/\/wanderoper.de\/index.php?rest_route=\/wp\/v2\/pages\/1086"}],"collection":[{"href":"http:\/\/wanderoper.de\/index.php?rest_route=\/wp\/v2\/pages"}],"about":[{"href":"http:\/\/wanderoper.de\/index.php?rest_route=\/wp\/v2\/types\/page"}],"author":[{"embeddable":true,"href":"http:\/\/wanderoper.de\/index.php?rest_route=\/wp\/v2\/users\/1"}],"replies":[{"embeddable":true,"href":"http:\/\/wanderoper.de\/index.php?rest_route=%2Fwp%2Fv2%2Fcomments&post=1086"}],"version-history":[{"count":34,"href":"http:\/\/wanderoper.de\/index.php?rest_route=\/wp\/v2\/pages\/1086\/revisions"}],"predecessor-version":[{"id":1271,"href":"http:\/\/wanderoper.de\/index.php?rest_route=\/wp\/v2\/pages\/1086\/revisions\/1271"}],"up":[{"embeddable":true,"href":"http:\/\/wanderoper.de\/index.php?rest_route=\/wp\/v2\/pages\/774"}],"wp:featuredmedia":[{"embeddable":true,"href":"http:\/\/wanderoper.de\/index.php?rest_route=\/wp\/v2\/media\/1096"}],"wp:attachment":[{"href":"http:\/\/wanderoper.de\/index.php?rest_route=%2Fwp%2Fv2%2Fmedia&parent=1086"}],"curies":[{"name":"wp","href":"https:\/\/api.w.org\/{rel}","templated":true}]}}