{"id":1001,"date":"2013-10-09T21:56:18","date_gmt":"2013-10-09T19:56:18","guid":{"rendered":"http:\/\/wanderoper.de\/?page_id=1001"},"modified":"2015-11-22T12:05:27","modified_gmt":"2015-11-22T11:05:27","slug":"weisse-rose","status":"publish","type":"page","link":"http:\/\/wanderoper.de\/?page_id=1001","title":{"rendered":"Weisse Rose"},"content":{"rendered":"<h1>Was wollen mir die Scholl\u00b4s?<\/h1>\n<p>Es ist gut, dass die Helden der WEISSEN ROSE nichts \u201eHeldisches\u201c haben. Immer wieder \u00fcberfallen sie \u00c4ngste, droht Verzweiflung.<br \/>\nDie wache Klugheit, die Sensibilit\u00e4t und menschliche Reife dieser beiden jungen Menschen, ihre Lauterkeit, ihr Wirklichkeitsempfinden, ihre Unbeirrbarkeit, ihre ethische Kraft \u2013 sie sind der eigentliche Gegenstand des St\u00fcckes. Nur von ihm ausgehend kann die Frage beantwortet werden, ob es sich um ein historisches oder um ein Gegenwartsst\u00fcck handelt.<br \/>\nNat\u00fcrlich waren Hans und Sophie Scholl historische Figuren, spiegeln ihre Erinnerungen Elemente faschistischer Wirklichkeit.<br \/>\nAber Theater kann keinen Geschichtsunterricht ersetzen, muss nach dem Sinn f\u00fcr uns Heutige fragen.<br \/>\nEs geht um die Beantwortung oder wenigstens das Bedenken der eigentlichen Frage, die uns das St\u00fcck stellt, n\u00e4mlich: WAS H\u00c4TTE ICH GETAN, WENN ICH DAMALS IN EINER SOLCHEN SITUATION GEWESEN W\u00c4RE?<\/p>\n<p><strong>Es spielt ein Kammerensemble der WANDEROPER BRANDENBURG. Instrumentation: Bernd Wefelmeyer<\/strong><br \/>\nAuff\u00fchrungsrechte Breitkopf und H\u00e4rtel, Wiesbaden.<\/p>\n","protected":false},"excerpt":{"rendered":"<p>Was wollen mir die Scholl\u00b4s? Es ist gut, dass die Helden der WEISSEN ROSE nichts \u201eHeldisches\u201c haben. Immer wieder \u00fcberfallen sie \u00c4ngste, droht Verzweiflung. Die wache Klugheit, die Sensibilit\u00e4t und menschliche Reife dieser beiden jungen Menschen, ihre Lauterkeit, ihr Wirklichkeitsempfinden, ihre Unbeirrbarkeit, ihre ethische Kraft \u2013 sie sind der eigentliche Gegenstand des St\u00fcckes. Nur von [&hellip;]<\/p>\n","protected":false},"author":1,"featured_media":1008,"parent":774,"menu_order":0,"comment_status":"closed","ping_status":"open","template":"page-templates\/page-repertoire.php","meta":{"jetpack_post_was_ever_published":false},"jetpack_sharing_enabled":true,"jetpack_shortlink":"https:\/\/wp.me\/P6Vnb4-g9","_links":{"self":[{"href":"http:\/\/wanderoper.de\/index.php?rest_route=\/wp\/v2\/pages\/1001"}],"collection":[{"href":"http:\/\/wanderoper.de\/index.php?rest_route=\/wp\/v2\/pages"}],"about":[{"href":"http:\/\/wanderoper.de\/index.php?rest_route=\/wp\/v2\/types\/page"}],"author":[{"embeddable":true,"href":"http:\/\/wanderoper.de\/index.php?rest_route=\/wp\/v2\/users\/1"}],"replies":[{"embeddable":true,"href":"http:\/\/wanderoper.de\/index.php?rest_route=%2Fwp%2Fv2%2Fcomments&post=1001"}],"version-history":[{"count":7,"href":"http:\/\/wanderoper.de\/index.php?rest_route=\/wp\/v2\/pages\/1001\/revisions"}],"predecessor-version":[{"id":1566,"href":"http:\/\/wanderoper.de\/index.php?rest_route=\/wp\/v2\/pages\/1001\/revisions\/1566"}],"up":[{"embeddable":true,"href":"http:\/\/wanderoper.de\/index.php?rest_route=\/wp\/v2\/pages\/774"}],"wp:featuredmedia":[{"embeddable":true,"href":"http:\/\/wanderoper.de\/index.php?rest_route=\/wp\/v2\/media\/1008"}],"wp:attachment":[{"href":"http:\/\/wanderoper.de\/index.php?rest_route=%2Fwp%2Fv2%2Fmedia&parent=1001"}],"curies":[{"name":"wp","href":"https:\/\/api.w.org\/{rel}","templated":true}]}}